{"id":93,"date":"2023-10-24T17:55:17","date_gmt":"2023-10-24T17:55:17","guid":{"rendered":"https:\/\/thomashurtz-aufstellungen.de\/index.php\/generated-homepage\/"},"modified":"2025-04-25T12:15:57","modified_gmt":"2025-04-25T12:15:57","slug":"generated-homepage","status":"publish","type":"page","link":"https:\/\/thomashurtz-aufstellungen.de\/","title":{"rendered":"Startseite"},"content":{"rendered":"<h1 style=\"\">Thomas Hurtz-Aufstellungen:&nbsp;<\/h1>\n<p style=\"text-align: left;\"><span style=\"--tcb-applied-color: var$(--tcb-color-0) !important; color: var(--tcb-color-0) !important;\">Etwas in dir wei\u00df: So kann es nicht weitergehen.Vielleicht f\u00fchlst du dich oft leer, \u00fcberfordert oder hast das Gef\u00fchl, immer wieder in dieselben inneren Muster zu geraten.Du m\u00f6chtest verstehen, warum du so handelst, wie du handelst \u2013 und du sehnst dich nach Ver\u00e4nderung, nach Heilung, nach einem Leben, das sich wieder stimmig anf\u00fchlt.Genau hier setzt meine Arbeit an.Ich begleite Menschen wie dich mit einer weiterentwickelten Form der Aufstellungsarbeit, die auf einem einfachen, aber tiefen Prinzip beruht:\u201eWie innen, so au\u00dfen.\u201cDas, was du im Au\u00dfen erlebst \u2013 Konflikte, Blockaden, immer wiederkehrende Themen \u2013 spiegelt oft das, was in deinem Inneren noch ungel\u00f6st ist.Und genau dort beginnt die Ver\u00e4nderung.<\/span><\/p>\n<h1 style=\"\">Was passiert in einer Aufstellung mit mir?<\/h1>\n<p style=\"text-align: left;\"><span style=\"--tcb-applied-color: var$(--tcb-color-0) !important; color: var(--tcb-color-0) !important;\">Du bringst ein Thema mit \u2013 das kann eine Beziehung sein, eine Entscheidung, k\u00f6rperliche Symptome oder das Gef\u00fchl, nicht bei dir zu sein.In einem gesch\u00fctzten Raum wird dieses Thema sichtbar gemacht. Dabei entstehen kraftvolle Bilder und Erkenntnisse, die dir zeigen, was hinter deinem Problem wirklich wirkt.Ich arbeite dabei nicht nur mit klassischen Methoden, sondern integriere tiefgehende Prinzipien wie das Spiegelgesetz, das Resonanzgesetz und das Wissen um den Zusammenhang zwischen Mikro- und Makrokosmos.Klingt kompliziert? Keine Sorge. Du musst nichts wissen \u2013 nur f\u00fchlen und bereit sein, dich zu \u00f6ffnen.<\/span><\/p>\n<p style=\"text-align: left;\"><span style=\"--tcb-applied-color: var$(--tcb-color-0) !important; color: var(--tcb-color-0) !important;\"><\/span><\/p>\n<h1 style=\"\">Was du mitnehmen kannst:<\/h1>\n<p style=\"text-align: left;\"><span style=\"--tcb-applied-color: var$(--tcb-color-0) !important; color: var(--tcb-color-0) !important;\">Eine tiefe emotionale EntlastungKlarheit \u00fcber deine Muster und Pr\u00e4gungenL\u00f6sungen, die du vorher nicht sehen konntestMehr Verbindung zu dir selbstNeue Wege in deinen Beziehungen, deinem Beruf, deinem AlltagUnd manchmal auch: das erste echte L\u00e4cheln seit langer Zeit<\/span><\/p>\n<p><span style=\"\"><a href=\"https:\/\/www.epubli.com\/shop\/sei-wieder-lebendig-9783819083495\" target=\"_blank\" rel=\"\"><img decoding=\"async\" alt=\"\" data-id=\"293\" width=\"1200\" data-init-width=\"2830\" height=\"888\" data-init-height=\"2095\" title=\"cover 2\" src=\"https:\/\/thomashurtz-aufstellungen.de\/wp-content\/uploads\/2025\/04\/cover-2.png\" data-width=\"1200\" data-height=\"888\" style=\"aspect-ratio: auto 2830 \/ 2095;\" mt-m=\"0\" ml-m=\"0\" data-link-wrap=\"1\" loading=\"lazy\"><\/a><\/span><\/p>\n<h1 style=\"text-align: center;\">Ab sofort erh\u00e4ltlich: <a href=\"https:\/\/www.epubli.com\/shop\/sei-wieder-lebendig-9783819083495\" style=\"outline: none;\" target=\"_blank\">Hier bestellen<\/a><\/h1>\n<h3 style=\"text-align: center; color: var(--tcb-color-0) !important; --tcb-applied-color: var$(--tcb-color-0) !important;\">Auch als <strong><span>Ebook<\/span><\/strong> erh\u00e4ltlich: <a href=\"https:\/\/www.neobooks.com\/ebooks\/thomas-hurtz-sei-wieder-lebendig--ebook-neobooks-AZZoeREKFrk9WW9LyL_a\" style=\"outline: none;\" target=\"_blank\">Hier kaufen<\/a><\/h3>\n","protected":false},"excerpt":{"rendered":"<p>Thomas Hurtz-Aufstellungen:&nbsp; Etwas in dir wei\u00df: So kann es nicht weitergehen.Vielleicht f\u00fchlst du dich oft leer, \u00fcberfordert oder hast das Gef\u00fchl, immer wieder in dieselben inneren Muster zu geraten.Du m\u00f6chtest verstehen, warum du so handelst, wie du handelst \u2013 und du sehnst dich nach Ver\u00e4nderung, nach Heilung, nach einem Leben, das sich wieder stimmig anf\u00fchlt.Genau [&hellip;]<\/p>\n","protected":false},"author":1,"featured_media":0,"parent":0,"menu_order":0,"comment_status":"closed","ping_status":"closed","template":"","meta":{"footnotes":""},"class_list":["post-93","page","type-page","status-publish","hentry","post-wrapper","thrv_wrapper"],"yoast_head":"<!-- This site is optimized with the Yoast SEO plugin v27.5 - https:\/\/yoast.com\/product\/yoast-seo-wordpress\/ -->\n<title>Startseite - Thomas Hurtz-Aufstellungen<\/title>\n<meta name=\"robots\" content=\"index, follow, max-snippet:-1, max-image-preview:large, max-video-preview:-1\" \/>\n<link rel=\"canonical\" href=\"https:\/\/thomashurtz-aufstellungen.de\/\" \/>\n<meta property=\"og:locale\" content=\"de_DE\" \/>\n<meta property=\"og:type\" content=\"article\" \/>\n<meta property=\"og:title\" content=\"Startseite - Thomas Hurtz-Aufstellungen\" \/>\n<meta property=\"og:description\" content=\"Thomas Hurtz-Aufstellungen:&nbsp; Etwas in dir wei\u00df: So kann es nicht weitergehen.Vielleicht f\u00fchlst du dich oft leer, \u00fcberfordert oder hast das Gef\u00fchl, immer wieder in dieselben inneren Muster zu geraten.Du m\u00f6chtest verstehen, warum du so handelst, wie du handelst \u2013 und du sehnst dich nach Ver\u00e4nderung, nach Heilung, nach einem Leben, das sich wieder stimmig anf\u00fchlt.Genau [&hellip;]\" \/>\n<meta property=\"og:url\" content=\"https:\/\/thomashurtz-aufstellungen.de\/\" \/>\n<meta property=\"og:site_name\" content=\"Thomas Hurtz-Aufstellungen\" \/>\n<meta property=\"article:modified_time\" content=\"2025-04-25T12:15:57+00:00\" \/>\n<meta property=\"og:image\" content=\"https:\/\/thomashurtz-aufstellungen.de\/wp-content\/uploads\/2025\/04\/cover-2.png\" \/>\n<meta name=\"twitter:card\" content=\"summary_large_image\" \/>\n<script type=\"application\/ld+json\" class=\"yoast-schema-graph\">{\"@context\":\"https:\\\/\\\/schema.org\",\"@graph\":[{\"@type\":\"WebPage\",\"@id\":\"https:\\\/\\\/thomashurtz-aufstellungen.de\\\/\",\"url\":\"https:\\\/\\\/thomashurtz-aufstellungen.de\\\/\",\"name\":\"Startseite - Thomas Hurtz-Aufstellungen\",\"isPartOf\":{\"@id\":\"https:\\\/\\\/thomashurtz-aufstellungen.de\\\/#website\"},\"primaryImageOfPage\":{\"@id\":\"https:\\\/\\\/thomashurtz-aufstellungen.de\\\/#primaryimage\"},\"image\":{\"@id\":\"https:\\\/\\\/thomashurtz-aufstellungen.de\\\/#primaryimage\"},\"thumbnailUrl\":\"https:\\\/\\\/thomashurtz-aufstellungen.de\\\/wp-content\\\/uploads\\\/2025\\\/04\\\/cover-2.png\",\"datePublished\":\"2023-10-24T17:55:17+00:00\",\"dateModified\":\"2025-04-25T12:15:57+00:00\",\"breadcrumb\":{\"@id\":\"https:\\\/\\\/thomashurtz-aufstellungen.de\\\/#breadcrumb\"},\"inLanguage\":\"de\",\"potentialAction\":[{\"@type\":\"ReadAction\",\"target\":[\"https:\\\/\\\/thomashurtz-aufstellungen.de\\\/\"]}]},{\"@type\":\"ImageObject\",\"inLanguage\":\"de\",\"@id\":\"https:\\\/\\\/thomashurtz-aufstellungen.de\\\/#primaryimage\",\"url\":\"https:\\\/\\\/thomashurtz-aufstellungen.de\\\/wp-content\\\/uploads\\\/2025\\\/04\\\/cover-2.png\",\"contentUrl\":\"https:\\\/\\\/thomashurtz-aufstellungen.de\\\/wp-content\\\/uploads\\\/2025\\\/04\\\/cover-2.png\",\"width\":2830,\"height\":2095},{\"@type\":\"BreadcrumbList\",\"@id\":\"https:\\\/\\\/thomashurtz-aufstellungen.de\\\/#breadcrumb\",\"itemListElement\":[{\"@type\":\"ListItem\",\"position\":1,\"name\":\"Startseite\",\"item\":\"https:\\\/\\\/thomashurtz-aufstellungen.de\\\/\"},{\"@type\":\"ListItem\",\"position\":2,\"name\":\"Startseite\"}]},{\"@type\":\"WebSite\",\"@id\":\"https:\\\/\\\/thomashurtz-aufstellungen.de\\\/#website\",\"url\":\"https:\\\/\\\/thomashurtz-aufstellungen.de\\\/\",\"name\":\"Thomas Hurtz-Aufstellungen\",\"description\":\"\",\"potentialAction\":[{\"@type\":\"SearchAction\",\"target\":{\"@type\":\"EntryPoint\",\"urlTemplate\":\"https:\\\/\\\/thomashurtz-aufstellungen.de\\\/?s={search_term_string}\"},\"query-input\":{\"@type\":\"PropertyValueSpecification\",\"valueRequired\":true,\"valueName\":\"search_term_string\"}}],\"inLanguage\":\"de\"}]}<\/script>\n<!-- \/ Yoast SEO plugin. -->","yoast_head_json":{"title":"Startseite - Thomas Hurtz-Aufstellungen","robots":{"index":"index","follow":"follow","max-snippet":"max-snippet:-1","max-image-preview":"max-image-preview:large","max-video-preview":"max-video-preview:-1"},"canonical":"https:\/\/thomashurtz-aufstellungen.de\/","og_locale":"de_DE","og_type":"article","og_title":"Startseite - Thomas Hurtz-Aufstellungen","og_description":"Thomas Hurtz-Aufstellungen:&nbsp; Etwas in dir wei\u00df: So kann es nicht weitergehen.Vielleicht f\u00fchlst du dich oft leer, \u00fcberfordert oder hast das Gef\u00fchl, immer wieder in dieselben inneren Muster zu geraten.Du m\u00f6chtest verstehen, warum du so handelst, wie du handelst \u2013 und du sehnst dich nach Ver\u00e4nderung, nach Heilung, nach einem Leben, das sich wieder stimmig anf\u00fchlt.Genau [&hellip;]","og_url":"https:\/\/thomashurtz-aufstellungen.de\/","og_site_name":"Thomas Hurtz-Aufstellungen","article_modified_time":"2025-04-25T12:15:57+00:00","og_image":[{"url":"https:\/\/thomashurtz-aufstellungen.de\/wp-content\/uploads\/2025\/04\/cover-2.png","type":"","width":"","height":""}],"twitter_card":"summary_large_image","schema":{"@context":"https:\/\/schema.org","@graph":[{"@type":"WebPage","@id":"https:\/\/thomashurtz-aufstellungen.de\/","url":"https:\/\/thomashurtz-aufstellungen.de\/","name":"Startseite - Thomas Hurtz-Aufstellungen","isPartOf":{"@id":"https:\/\/thomashurtz-aufstellungen.de\/#website"},"primaryImageOfPage":{"@id":"https:\/\/thomashurtz-aufstellungen.de\/#primaryimage"},"image":{"@id":"https:\/\/thomashurtz-aufstellungen.de\/#primaryimage"},"thumbnailUrl":"https:\/\/thomashurtz-aufstellungen.de\/wp-content\/uploads\/2025\/04\/cover-2.png","datePublished":"2023-10-24T17:55:17+00:00","dateModified":"2025-04-25T12:15:57+00:00","breadcrumb":{"@id":"https:\/\/thomashurtz-aufstellungen.de\/#breadcrumb"},"inLanguage":"de","potentialAction":[{"@type":"ReadAction","target":["https:\/\/thomashurtz-aufstellungen.de\/"]}]},{"@type":"ImageObject","inLanguage":"de","@id":"https:\/\/thomashurtz-aufstellungen.de\/#primaryimage","url":"https:\/\/thomashurtz-aufstellungen.de\/wp-content\/uploads\/2025\/04\/cover-2.png","contentUrl":"https:\/\/thomashurtz-aufstellungen.de\/wp-content\/uploads\/2025\/04\/cover-2.png","width":2830,"height":2095},{"@type":"BreadcrumbList","@id":"https:\/\/thomashurtz-aufstellungen.de\/#breadcrumb","itemListElement":[{"@type":"ListItem","position":1,"name":"Startseite","item":"https:\/\/thomashurtz-aufstellungen.de\/"},{"@type":"ListItem","position":2,"name":"Startseite"}]},{"@type":"WebSite","@id":"https:\/\/thomashurtz-aufstellungen.de\/#website","url":"https:\/\/thomashurtz-aufstellungen.de\/","name":"Thomas Hurtz-Aufstellungen","description":"","potentialAction":[{"@type":"SearchAction","target":{"@type":"EntryPoint","urlTemplate":"https:\/\/thomashurtz-aufstellungen.de\/?s={search_term_string}"},"query-input":{"@type":"PropertyValueSpecification","valueRequired":true,"valueName":"search_term_string"}}],"inLanguage":"de"}]}},"_links":{"self":[{"href":"https:\/\/thomashurtz-aufstellungen.de\/index.php\/wp-json\/wp\/v2\/pages\/93","targetHints":{"allow":["GET"]}}],"collection":[{"href":"https:\/\/thomashurtz-aufstellungen.de\/index.php\/wp-json\/wp\/v2\/pages"}],"about":[{"href":"https:\/\/thomashurtz-aufstellungen.de\/index.php\/wp-json\/wp\/v2\/types\/page"}],"author":[{"embeddable":true,"href":"https:\/\/thomashurtz-aufstellungen.de\/index.php\/wp-json\/wp\/v2\/users\/1"}],"replies":[{"embeddable":true,"href":"https:\/\/thomashurtz-aufstellungen.de\/index.php\/wp-json\/wp\/v2\/comments?post=93"}],"version-history":[{"count":21,"href":"https:\/\/thomashurtz-aufstellungen.de\/index.php\/wp-json\/wp\/v2\/pages\/93\/revisions"}],"predecessor-version":[{"id":319,"href":"https:\/\/thomashurtz-aufstellungen.de\/index.php\/wp-json\/wp\/v2\/pages\/93\/revisions\/319"}],"wp:attachment":[{"href":"https:\/\/thomashurtz-aufstellungen.de\/index.php\/wp-json\/wp\/v2\/media?parent=93"}],"curies":[{"name":"wp","href":"https:\/\/api.w.org\/{rel}","templated":true}]}}