{"id":313,"date":"2025-04-25T12:13:55","date_gmt":"2025-04-25T12:13:55","guid":{"rendered":"https:\/\/thomashurtz-aufstellungen.de\/?page_id=313"},"modified":"2025-04-25T12:13:57","modified_gmt":"2025-04-25T12:13:57","slug":"mein-buch","status":"publish","type":"page","link":"https:\/\/thomashurtz-aufstellungen.de\/index.php\/mein-buch\/","title":{"rendered":"Mein Buch"},"content":{"rendered":"<p style=\"text-align: center; line-height: 1.3em !important; font-size: 30px !important;\"><strong>Der 10-Monatskurs \u2013 Tiefe Ver\u00e4nderung im gesch\u00fctzten Raum<\/strong><\/p>\n<p style=\"text-align: left;\">Du hast bereits einiges gesp\u00fcrt. Vielleicht sogar verstanden.Jetzt geht es darum, dran zu bleiben \u2013 im Kontakt mit dir selbst.Nicht mehr nur Einzelerkenntnisse sammeln, sondern echte Ver\u00e4nderung in deinem Leben verankern.<\/p>\n<p><span><img decoding=\"async\" alt=\"\" data-id=\"169\" width=\"533\" data-init-width=\"1280\" height=\"300\" data-init-height=\"720\" title=\"Thumbnail Smart-Markets(9)\" src=\"https:\/\/thomashurtz-aufstellungen.de\/wp-content\/uploads\/2023\/11\/Thumbnail-Smart-Markets9.png\" data-width=\"533\" data-height=\"300\" style=\"aspect-ratio: auto 1280 \/ 720;\" loading=\"lazy\"><\/span><\/p>\n<p style=\"text-align: center; line-height: 1.3em !important; font-size: 30px !important;\"><strong>Was ist der 10-Monatskurs<\/strong><\/p>\n<p style=\"text-align: left;\">Der 10-Monatskurs ist ein gesch\u00fctzter Entwicklungsraum f\u00fcr 10 Menschen, die bereit sind, sich selbst ehrlich zu begegnen.Einmal im Monat trifft sich die Gruppe, um miteinander zu wachsen, Blockaden zu l\u00f6sen und neue innere Wege zu entdecken \u2013 mit Hilfe der Aufstellungsarbeit.Jede Teilnehmerin und jeder Teilnehmer hat im Laufe des Kurses einen eigenen Termin, bei dem ein pers\u00f6nliches Thema im Mittelpunkt steht.Das kann alles sein: ein Beziehungskonflikt, eine berufliche Entscheidung, famili\u00e4re Belastungen oder das Gef\u00fchl, nicht wirklich im eigenen Leben zu stehen.Die anderen Teilnehmenden sind an diesem Tag nicht \u201enur dabei\u201c, sondern aktiv eingebunden \u2013 als Stellvertreter f\u00fcr innere Anteile, Familienmitglieder oder andere Rollen.Auch in dieser begleitenden Rolle entstehen oft tiefe Erkenntnisse und emotionale Ber\u00fchrungen, denn die Themen spiegeln sich h\u00e4ufig im eigenen Leben wider.So entsteht mit jedem Treffen nicht nur eine heilsame Erfahrung, sondern eine fortlaufende Entwicklung \u2013 getragen von Vertrauen, Verbindung und ehrlicher Begegnung.<\/p>\n<p style=\"text-align: center; line-height: 1.3em !important; font-size: 30px !important;\"><strong>F\u00fcr wen eignet sich der 10-Monatskurs?<\/strong><\/p>\n<p style=\"text-align: center;\">F\u00fcr alle, die den Wunsch haben regelm\u00e4\u00dfig und tiefergehend in einer festen Gruppe zu arbeiten. Die Prozesse, die in den monatlichen Aufstellungen ausgel\u00f6st werden bauen aufeiander auf, l\u00f6sen tiefe Blockaden und die Energien werden wieder in einen heilsamen Fluss gebracht.<\/p>\n<p><span><img decoding=\"async\" alt=\"\" data-id=\"173\" width=\"510\" data-init-width=\"1280\" height=\"287\" data-init-height=\"720\" title=\"Thumbnail Smart-Markets(11)\" src=\"https:\/\/thomashurtz-aufstellungen.de\/wp-content\/uploads\/2023\/11\/Thumbnail-Smart-Markets11.png\" data-width=\"510\" data-height=\"287\" style=\"aspect-ratio: auto 1280 \/ 720;\" loading=\"lazy\"><\/span><span style=\"\"><img decoding=\"async\" alt=\"\" data-id=\"173\" width=\"898\" data-init-width=\"1280\" height=\"505\" data-init-height=\"720\" title=\"Thumbnail Smart-Markets(11)\" src=\"https:\/\/thomashurtz-aufstellungen.de\/wp-content\/uploads\/2023\/11\/Thumbnail-Smart-Markets11.png\" data-width=\"898\" data-height=\"505\" style=\"aspect-ratio: auto 1280 \/ 720;\" loading=\"lazy\" mt-d=\"0\" ml-d=\"-5.094000000000051\"><\/span><\/p>\n<p style=\"text-align: center; line-height: 1.3em !important;\"><strong>Warum funktioniert dieser Kurs so gut?<\/strong><\/p>\n<p style=\"text-align: center;\">Weil wir Menschen Beziehung brauchen, um uns selbst zu erkennen.Weil echte Ver\u00e4nderung Zeit braucht \u2013 und Raum.Und weil wir nicht nur durch das eigene Erleben wachsen, sondern auch, wenn wir anderen im Prozess begegnen.Die monatlichen Aufstellungen bauen aufeinander auf \u2013 wie eine innere Reise, Etappe f\u00fcr Etappe. Tiefe Blockaden zeigen sich, d\u00fcrfen angeschaut und gel\u00f6st werden. Mit jeder Sitzung entsteht mehr Weite, mehr Klarheit, mehr Verbindung.<\/p>\n<p style=\"text-align: center;\"><strong>Wie l\u00e4uft der Kurs ab?<\/strong><\/p>\n<p style=\"text-align: center;\">10 Treffen \u00e0 3,5 Stunden, einmal pro Monat1 eigene Aufstellung pro TeilnehmerIn den \u00fcbrigen Terminen bist du Teil der Gruppe: als Stellvertreter, Beobachter, Mitf\u00fchlenderDie feste Gruppe bleibt \u00fcber den gesamten Zeitraum bestehen \u2013 das schafft Vertrauen und Tiefe<\/p>\n<p><span style=\"\"><img decoding=\"async\" alt=\"\" data-id=\"174\" width=\"536\" data-init-width=\"1280\" height=\"301\" data-init-height=\"720\" title=\"Thumbnail Smart-Markets(10)\" src=\"https:\/\/thomashurtz-aufstellungen.de\/wp-content\/uploads\/2023\/11\/Thumbnail-Smart-Markets10.png\" data-width=\"536\" data-height=\"301\" style=\"aspect-ratio: auto 1280 \/ 720;\" loading=\"lazy\" ml-d=\"-15.297000000000025\" mt-d=\"0\"><\/span><\/p>\n<p style=\"text-align: center; line-height: 1.3em !important;\"><strong>\u200b<strong>Was kann der Kurs f\u00fcr dich bedeuten?<\/strong><\/strong><\/p>\n<li>Du lernst dich selbst in Beziehung neu kennen<\/li>\n<li>Du verstehst, woher deine Reaktionen kommen<\/li>\n<li>Du findest Wege aus alten Mustern<\/li>\n<li>Du erf\u00e4hrst, wie viel Ver\u00e4nderung m\u00f6glich ist, wenn du dich einl\u00e4sst<\/li>\n<li>Du wirst gesehen \u2013 mit allem, was du bist<\/li>\n<li>Und manchmal entsteht etwas, das sich nur schwer in Worte fassen l\u00e4sst:Echte N\u00e4he. Zu dir. Zu anderen. Zum Leben.<\/li>\n<p style=\"text-align: center;\"><strong>\u200bNur 10 Pl\u00e4tze \u2013 vielleicht ist einer davon f\u00fcr dich.<\/strong><\/p>\n<p tve-droppable\"=\"\" style=\"text-align: left;\" \"=\"\">Wenn du sp\u00fcrst, dass dich dieser Kurs ruft \u2013 dann melde dich gern bei mir.Ich nehme mir Zeit f\u00fcr ein pers\u00f6nliches Gespr\u00e4ch, in dem wir gemeinsam schauen, ob dieser Rahmen f\u00fcr dich stimmig ist.Denn dieser Kurs ist kein \u201eSchnuppern\u201c \u2013 er ist eine Entscheidung.F\u00fcr dich. F\u00fcr Tiefe. F\u00fcr Ver\u00e4nderung.<\/p>\n<p style=\"text-align: center; font-size: 30px !important;\"><strong>Vorteile des 10-Monatskurs<\/strong><\/p>\n<p style=\"text-align: center;\">Die regelm\u00e4\u00dfigen Treffen f\u00f6rdern tiefe Verbindungen und Selbstentwicklung durch die wiederholte Erfahrung neuer Strukturen und Zusammenarbeit in Aufstellungen. Insgesamt umfasst der Kurs 10 Sitzungen \u00e1 3,5 Stunden.&nbsp;<\/p>\n<p><span><img decoding=\"async\" alt=\"\" data-id=\"174\" width=\"510\" data-init-width=\"1280\" height=\"287\" data-init-height=\"720\" title=\"Thumbnail Smart-Markets(10)\" src=\"https:\/\/thomashurtz-aufstellungen.de\/wp-content\/uploads\/2023\/11\/Thumbnail-Smart-Markets10.png\" data-width=\"510\" data-height=\"287\" style=\"aspect-ratio: auto 1280 \/ 720;\" loading=\"lazy\"><\/span><\/p>\n<h2 style=\"text-align: center;\">F\u00fcr Fragen und Anmeldungen stehe ich telefonisch und per Mail gerne zur Verf\u00fcgung.<\/h2>\n<p style=\"text-align: left;\">Meine Anschrift<\/p>\n<p style=\"\">Thomas Hurtz<\/p>\n<p style=\"text-align: left;\">Diefenauer Weg 17<\/p>\n<p style=\"\">53567 Asbach<\/p>\n<p style=\"text-align: left;\">Telefonnummern<\/p>\n<p style=\"text-align: left;\">Festnetz: 02683\/966722<\/p>\n<p style=\"text-align: left;\">Mobil: 0178\/1304034<\/p>\n<p style=\"\">\n<p style=\"text-align: left;\">E-Mail<\/p>\n<p style=\"\">thomas.hurtz@gmx.net<\/p>\n<p style=\"text-align: center;\">Webseite mit Freude erstellt von der <a href=\"http:\/\/www.giulio-andrioli.de\" target=\"_blank\" style=\"outline: none;\">Agentur Giulio Andrioli.<\/a><\/p>\n","protected":false},"excerpt":{"rendered":"<p>Der 10-Monatskurs \u2013 Tiefe Ver\u00e4nderung im gesch\u00fctzten Raum Du hast bereits einiges gesp\u00fcrt. Vielleicht sogar verstanden.Jetzt geht es darum, dran zu bleiben \u2013 im Kontakt mit dir selbst.Nicht mehr nur Einzelerkenntnisse sammeln, sondern echte Ver\u00e4nderung in deinem Leben verankern. Was ist der 10-Monatskurs Der 10-Monatskurs ist ein gesch\u00fctzter Entwicklungsraum f\u00fcr 10 Menschen, die bereit sind, [&hellip;]<\/p>\n","protected":false},"author":1,"featured_media":0,"parent":0,"menu_order":0,"comment_status":"closed","ping_status":"closed","template":"","meta":{"footnotes":""},"class_list":["post-313","page","type-page","status-publish","hentry","post-wrapper","thrv_wrapper"],"yoast_head":"<!-- This site is optimized with the Yoast SEO plugin v27.5 - https:\/\/yoast.com\/product\/yoast-seo-wordpress\/ -->\n<title>Mein Buch - Thomas Hurtz-Aufstellungen<\/title>\n<meta name=\"robots\" content=\"index, follow, max-snippet:-1, max-image-preview:large, max-video-preview:-1\" \/>\n<link rel=\"canonical\" href=\"https:\/\/thomashurtz-aufstellungen.de\/index.php\/mein-buch\/\" \/>\n<meta property=\"og:locale\" content=\"de_DE\" \/>\n<meta property=\"og:type\" content=\"article\" \/>\n<meta property=\"og:title\" content=\"Mein Buch - Thomas Hurtz-Aufstellungen\" \/>\n<meta property=\"og:description\" content=\"Der 10-Monatskurs \u2013 Tiefe Ver\u00e4nderung im gesch\u00fctzten Raum Du hast bereits einiges gesp\u00fcrt. Vielleicht sogar verstanden.Jetzt geht es darum, dran zu bleiben \u2013 im Kontakt mit dir selbst.Nicht mehr nur Einzelerkenntnisse sammeln, sondern echte Ver\u00e4nderung in deinem Leben verankern. Was ist der 10-Monatskurs Der 10-Monatskurs ist ein gesch\u00fctzter Entwicklungsraum f\u00fcr 10 Menschen, die bereit sind, [&hellip;]\" \/>\n<meta property=\"og:url\" content=\"https:\/\/thomashurtz-aufstellungen.de\/index.php\/mein-buch\/\" \/>\n<meta property=\"og:site_name\" content=\"Thomas Hurtz-Aufstellungen\" \/>\n<meta property=\"article:modified_time\" content=\"2025-04-25T12:13:57+00:00\" \/>\n<meta property=\"og:image\" content=\"https:\/\/thomashurtz-aufstellungen.de\/wp-content\/uploads\/2023\/11\/Thumbnail-Smart-Markets9.png\" \/>\n<meta name=\"twitter:card\" content=\"summary_large_image\" \/>\n<meta name=\"twitter:label1\" content=\"Gesch\u00e4tzte Lesezeit\" \/>\n\t<meta name=\"twitter:data1\" content=\"5\u00a0Minuten\" \/>\n<script type=\"application\/ld+json\" class=\"yoast-schema-graph\">{\"@context\":\"https:\\\/\\\/schema.org\",\"@graph\":[{\"@type\":\"WebPage\",\"@id\":\"https:\\\/\\\/thomashurtz-aufstellungen.de\\\/index.php\\\/mein-buch\\\/\",\"url\":\"https:\\\/\\\/thomashurtz-aufstellungen.de\\\/index.php\\\/mein-buch\\\/\",\"name\":\"Mein Buch - Thomas Hurtz-Aufstellungen\",\"isPartOf\":{\"@id\":\"https:\\\/\\\/thomashurtz-aufstellungen.de\\\/#website\"},\"primaryImageOfPage\":{\"@id\":\"https:\\\/\\\/thomashurtz-aufstellungen.de\\\/index.php\\\/mein-buch\\\/#primaryimage\"},\"image\":{\"@id\":\"https:\\\/\\\/thomashurtz-aufstellungen.de\\\/index.php\\\/mein-buch\\\/#primaryimage\"},\"thumbnailUrl\":\"https:\\\/\\\/thomashurtz-aufstellungen.de\\\/wp-content\\\/uploads\\\/2023\\\/11\\\/Thumbnail-Smart-Markets9.png\",\"datePublished\":\"2025-04-25T12:13:55+00:00\",\"dateModified\":\"2025-04-25T12:13:57+00:00\",\"breadcrumb\":{\"@id\":\"https:\\\/\\\/thomashurtz-aufstellungen.de\\\/index.php\\\/mein-buch\\\/#breadcrumb\"},\"inLanguage\":\"de\",\"potentialAction\":[{\"@type\":\"ReadAction\",\"target\":[\"https:\\\/\\\/thomashurtz-aufstellungen.de\\\/index.php\\\/mein-buch\\\/\"]}]},{\"@type\":\"ImageObject\",\"inLanguage\":\"de\",\"@id\":\"https:\\\/\\\/thomashurtz-aufstellungen.de\\\/index.php\\\/mein-buch\\\/#primaryimage\",\"url\":\"https:\\\/\\\/thomashurtz-aufstellungen.de\\\/wp-content\\\/uploads\\\/2023\\\/11\\\/Thumbnail-Smart-Markets9.png\",\"contentUrl\":\"https:\\\/\\\/thomashurtz-aufstellungen.de\\\/wp-content\\\/uploads\\\/2023\\\/11\\\/Thumbnail-Smart-Markets9.png\",\"width\":1280,\"height\":720},{\"@type\":\"BreadcrumbList\",\"@id\":\"https:\\\/\\\/thomashurtz-aufstellungen.de\\\/index.php\\\/mein-buch\\\/#breadcrumb\",\"itemListElement\":[{\"@type\":\"ListItem\",\"position\":1,\"name\":\"Startseite\",\"item\":\"https:\\\/\\\/thomashurtz-aufstellungen.de\\\/\"},{\"@type\":\"ListItem\",\"position\":2,\"name\":\"Mein Buch\"}]},{\"@type\":\"WebSite\",\"@id\":\"https:\\\/\\\/thomashurtz-aufstellungen.de\\\/#website\",\"url\":\"https:\\\/\\\/thomashurtz-aufstellungen.de\\\/\",\"name\":\"Thomas Hurtz-Aufstellungen\",\"description\":\"\",\"potentialAction\":[{\"@type\":\"SearchAction\",\"target\":{\"@type\":\"EntryPoint\",\"urlTemplate\":\"https:\\\/\\\/thomashurtz-aufstellungen.de\\\/?s={search_term_string}\"},\"query-input\":{\"@type\":\"PropertyValueSpecification\",\"valueRequired\":true,\"valueName\":\"search_term_string\"}}],\"inLanguage\":\"de\"}]}<\/script>\n<!-- \/ Yoast SEO plugin. -->","yoast_head_json":{"title":"Mein Buch - Thomas Hurtz-Aufstellungen","robots":{"index":"index","follow":"follow","max-snippet":"max-snippet:-1","max-image-preview":"max-image-preview:large","max-video-preview":"max-video-preview:-1"},"canonical":"https:\/\/thomashurtz-aufstellungen.de\/index.php\/mein-buch\/","og_locale":"de_DE","og_type":"article","og_title":"Mein Buch - Thomas Hurtz-Aufstellungen","og_description":"Der 10-Monatskurs \u2013 Tiefe Ver\u00e4nderung im gesch\u00fctzten Raum Du hast bereits einiges gesp\u00fcrt. Vielleicht sogar verstanden.Jetzt geht es darum, dran zu bleiben \u2013 im Kontakt mit dir selbst.Nicht mehr nur Einzelerkenntnisse sammeln, sondern echte Ver\u00e4nderung in deinem Leben verankern. Was ist der 10-Monatskurs Der 10-Monatskurs ist ein gesch\u00fctzter Entwicklungsraum f\u00fcr 10 Menschen, die bereit sind, [&hellip;]","og_url":"https:\/\/thomashurtz-aufstellungen.de\/index.php\/mein-buch\/","og_site_name":"Thomas Hurtz-Aufstellungen","article_modified_time":"2025-04-25T12:13:57+00:00","og_image":[{"url":"https:\/\/thomashurtz-aufstellungen.de\/wp-content\/uploads\/2023\/11\/Thumbnail-Smart-Markets9.png","type":"","width":"","height":""}],"twitter_card":"summary_large_image","twitter_misc":{"Gesch\u00e4tzte Lesezeit":"5\u00a0Minuten"},"schema":{"@context":"https:\/\/schema.org","@graph":[{"@type":"WebPage","@id":"https:\/\/thomashurtz-aufstellungen.de\/index.php\/mein-buch\/","url":"https:\/\/thomashurtz-aufstellungen.de\/index.php\/mein-buch\/","name":"Mein Buch - Thomas Hurtz-Aufstellungen","isPartOf":{"@id":"https:\/\/thomashurtz-aufstellungen.de\/#website"},"primaryImageOfPage":{"@id":"https:\/\/thomashurtz-aufstellungen.de\/index.php\/mein-buch\/#primaryimage"},"image":{"@id":"https:\/\/thomashurtz-aufstellungen.de\/index.php\/mein-buch\/#primaryimage"},"thumbnailUrl":"https:\/\/thomashurtz-aufstellungen.de\/wp-content\/uploads\/2023\/11\/Thumbnail-Smart-Markets9.png","datePublished":"2025-04-25T12:13:55+00:00","dateModified":"2025-04-25T12:13:57+00:00","breadcrumb":{"@id":"https:\/\/thomashurtz-aufstellungen.de\/index.php\/mein-buch\/#breadcrumb"},"inLanguage":"de","potentialAction":[{"@type":"ReadAction","target":["https:\/\/thomashurtz-aufstellungen.de\/index.php\/mein-buch\/"]}]},{"@type":"ImageObject","inLanguage":"de","@id":"https:\/\/thomashurtz-aufstellungen.de\/index.php\/mein-buch\/#primaryimage","url":"https:\/\/thomashurtz-aufstellungen.de\/wp-content\/uploads\/2023\/11\/Thumbnail-Smart-Markets9.png","contentUrl":"https:\/\/thomashurtz-aufstellungen.de\/wp-content\/uploads\/2023\/11\/Thumbnail-Smart-Markets9.png","width":1280,"height":720},{"@type":"BreadcrumbList","@id":"https:\/\/thomashurtz-aufstellungen.de\/index.php\/mein-buch\/#breadcrumb","itemListElement":[{"@type":"ListItem","position":1,"name":"Startseite","item":"https:\/\/thomashurtz-aufstellungen.de\/"},{"@type":"ListItem","position":2,"name":"Mein Buch"}]},{"@type":"WebSite","@id":"https:\/\/thomashurtz-aufstellungen.de\/#website","url":"https:\/\/thomashurtz-aufstellungen.de\/","name":"Thomas Hurtz-Aufstellungen","description":"","potentialAction":[{"@type":"SearchAction","target":{"@type":"EntryPoint","urlTemplate":"https:\/\/thomashurtz-aufstellungen.de\/?s={search_term_string}"},"query-input":{"@type":"PropertyValueSpecification","valueRequired":true,"valueName":"search_term_string"}}],"inLanguage":"de"}]}},"_links":{"self":[{"href":"https:\/\/thomashurtz-aufstellungen.de\/index.php\/wp-json\/wp\/v2\/pages\/313","targetHints":{"allow":["GET"]}}],"collection":[{"href":"https:\/\/thomashurtz-aufstellungen.de\/index.php\/wp-json\/wp\/v2\/pages"}],"about":[{"href":"https:\/\/thomashurtz-aufstellungen.de\/index.php\/wp-json\/wp\/v2\/types\/page"}],"author":[{"embeddable":true,"href":"https:\/\/thomashurtz-aufstellungen.de\/index.php\/wp-json\/wp\/v2\/users\/1"}],"replies":[{"embeddable":true,"href":"https:\/\/thomashurtz-aufstellungen.de\/index.php\/wp-json\/wp\/v2\/comments?post=313"}],"version-history":[{"count":4,"href":"https:\/\/thomashurtz-aufstellungen.de\/index.php\/wp-json\/wp\/v2\/pages\/313\/revisions"}],"predecessor-version":[{"id":317,"href":"https:\/\/thomashurtz-aufstellungen.de\/index.php\/wp-json\/wp\/v2\/pages\/313\/revisions\/317"}],"wp:attachment":[{"href":"https:\/\/thomashurtz-aufstellungen.de\/index.php\/wp-json\/wp\/v2\/media?parent=313"}],"curies":[{"name":"wp","href":"https:\/\/api.w.org\/{rel}","templated":true}]}}