{"id":242,"date":"2023-11-13T22:39:39","date_gmt":"2023-11-13T22:39:39","guid":{"rendered":"https:\/\/thomashurtz-aufstellungen.de\/?page_id=242"},"modified":"2024-01-18T08:59:31","modified_gmt":"2024-01-18T08:59:31","slug":"impressum","status":"publish","type":"page","link":"https:\/\/thomashurtz-aufstellungen.de\/index.php\/impressum\/","title":{"rendered":"Impressum"},"content":{"rendered":"<p>Inhaltlich Verantwortlicher f\u00fcr diesen Webauftrittsowie Information, Kontakt &amp; Anmeldung:Thomas HurtzDiefenauer Weg 1753567 AsbachTelefon: 02683-966722Mobiltelefon: 0178-1304034E-Mail-Adresse: thomas.hurtz(at)gmx.netBitte kopieren sie die Mailadresse und f\u00fcgen Sie sie in Ihrem Mailsystem ein.Das (at)-Zeichen bitte mit \u2192 @ ersetzen, danke. Ich freue mich auf Ihre Nachricht.Internetadresse: www.thomashurtz-aufstellungen.deFinanzamt NeuwiedSteuer-Nr. 32\/074\/58826Haftungsausschluss1. Inhalt des Online-AngebotesDer Autor \u00fcbernimmt keinerlei Gew\u00e4hr f\u00fcr die Aktualit\u00e4t, Korrektheit, Vollst\u00e4ndigkeit oder Qualit\u00e4t der bereitgestellten Informationen. Haftungsanspr\u00fcche gegen den Autor, welche sich auf Sch\u00e4den materieller oder ideeller Art beziehen, die durch die Nutzung oder Nichtnutzung der dargebotenen Informationen bzw. durch die Nutzung fehlerhafter und unvollst\u00e4ndiger Informationen verursacht wurden, sind grunds\u00e4tzlich ausgeschlossen, sofern seitens des Autors kein nachweislich vors\u00e4tzliches oder grob fahrl\u00e4ssiges Verschulden vorliegt. Alle Angebote sind freibleibend und unverbindlich. Der Autor beh\u00e4lt es sich ausdr\u00fccklich vor, Teile der Seiten oder das gesamte Angebot ohne gesonderte Ank\u00fcndigung zu ver\u00e4ndern, zu erg\u00e4nzen, zu l\u00f6schen oder die Ver\u00f6ffentlichung zeitweise oder endg\u00fcltig einzustellen.2. Verweise und LinksBei direkten oder indirekten Verweisen auf fremde Webseiten (Hyperlinks), die au\u00dferhalb des Verantwortungsbereiches des Autors liegen, w\u00fcrde eine Haftungsverpflichtung ausschlie\u00dflich in dem Fall in Kraft treten, in dem der Autor von den Inhalten Kenntnis hat und es ihm technisch m\u00f6glich und zumutbar w\u00e4re, die Nutzung im Falle rechtswidriger Inhalte zu verhindern. Der Autor erkl\u00e4rt hiermit ausdr\u00fccklich, dass zum Zeitpunkt der Linksetzung keine illegalen Inhalte auf den zu verlinkenden Seiten erkennbar waren. Auf die aktuelle und zuk\u00fcnftige Gestaltung, die Inhalte oder die Urheberschaft der verkn\u00fcpften (verlinkten) Seiten hat der Autor keinerlei Einfluss. Deshalb distanziert er sich hiermit ausdr\u00fccklich von allen Inhalten aller verkn\u00fcpften (verlinkten) Seiten, die nach der Linksetzung ver\u00e4ndert wurden. Diese Feststellung gilt f\u00fcr alle innerhalb des eigenen Internetangebotes gesetzten Links und Verweise sowie f\u00fcr Fremdeintr\u00e4ge in vom Autor eingerichteten G\u00e4steb\u00fcchern, Diskussionsforen und Mailinglisten. F\u00fcr illegale, fehlerhafte oder unvollst\u00e4ndige Inhalte und insbesondere f\u00fcr Sch\u00e4den, die aus der Nutzung oder Nichtnutzung solcherart dargebotener Informationen entstehen, haftet allein der Anbieter der Site, auf welche verwiesen wurde, nicht derjenige, der \u00fcber Links auf die jeweilige Ver\u00f6ffentlichung lediglich verweist.3. Urheber- und KennzeichenrechtDer Autor ist bestrebt, in allen Publikationen die Urheberrechte der verwendeten Grafiken, Tondokumente, Videosequenzen und Texte zu beachten, von ihm selbst erstellte Grafiken, Tondokumente, Videosequenzen und Texte zu nutzen oder auf lizenzfreie Grafiken, Tondokumente, Videosequenzen und Texte zur\u00fcckzugreifen. Alle innerhalb des Internetangebotes genannten und ggf. durch Dritte gesch\u00fctzten Marken- und Warenzeichen unterliegen uneingeschr\u00e4nkt den Bestimmungen des jeweils g\u00fcltigen Kennzeichenrechts und den Besitzrechten der jeweiligen eingetragenen Eigent\u00fcmer. Allein aufgrund der blo\u00dfen Nennung ist nicht der Schluss zu ziehen, dass Markenzeichen nicht durch Rechte Dritter gesch\u00fctzt sind! Das Copyright f\u00fcr ver\u00f6ffentlichte, vom Autor selbst erstellte Objekte bleibt allein beim Autor der Seiten. Eine Vervielf\u00e4ltigung oder Verwendung solcher Grafiken, Tondokumente, Videosequenzen und Texte in anderen elektronischen oder gedruckten Publikationen ist ohne ausdr\u00fcckliche Zustimmung des Autors nicht gestattet.4. Datenschutzsiehe auch Datenschutzerkl\u00e4rungSofern innerhalb des Internetangebotes die M\u00f6glichkeit zur Eingabe pers\u00f6nlicher oder gesch\u00e4ftlicher Daten (E-Mail-Adressen, Namen, Anschriften) besteht, so erfolgt die Preisgabe dieser Daten seitens des Nutzers auf ausdr\u00fccklich freiwilliger Basis. Die Inanspruchnahme und Bezahlung aller angebotenen Dienste ist \u2013 soweit technisch m\u00f6glich und zumutbar \u2013 auch ohne Angabe solcher Daten bzw. unter Angabe anonymisierter Daten oder eines Pseudonyms gestattet. Die Nutzung der im Rahmen des Impressums oder vergleichbarer Angaben ver\u00f6ffentlichten Kontaktdaten wie Postanschriften, Telefon- und Faxnummern sowie E-Mail-Adressen durch Dritte zur \u00dcbersendung von nicht ausdr\u00fccklich angeforderten Informationen ist nicht gestattet. Rechtliche Schritte gegen die Versender von sogenannten Spam-Mails bei Verst\u00f6\u00dfen gegen dieses Verbot sind ausdr\u00fccklich vorbehalten. Des weiteren werden zur Webseitenanalyse Statistiken via Google Analytics erhoben.5. Rechtswirksamkeit dieses HaftungsausschlussesDieser Haftungsausschluss ist auch dann als Teil dieses Internetangebotes zu betrachten, wenn von dem Angebot aus per Link auf ihn verwiesen wurde. Sofern Teile oder einzelne Formulierungen dieses Textes der geltenden Rechtslage nicht, nicht mehr oder nicht vollst\u00e4ndig entsprechen sollten, bleiben die \u00fcbrigen Teile des Dokumentes in ihrem Inhalt und ihrer G\u00fcltigkeit davon unber\u00fchrt.Cookiessiehe auch Extraseite CookiesDas Weblog verwendet an mehreren Stellen (Kommentare, Registrierung, Einloggen etc.) sogenannte Cookies. Sie dienen dazu, dieses Angebot nutzerfreundlicher, effektiver und sicherer zu machen. Cookies sind kleine Textdateien, die auf Ihrem Rechner abgelegt werden und die Ihr Browser speichert. Die meisten der hier verwendeten Cookies sind sogenannte Session-Cookies. Sie werden nach Ende Ihres Besuchs automatisch gel\u00f6scht. Cookies richten auf Ihrem Rechner keinen Schaden an und enthalten keine Viren.RSS-Feedsiehe auch RSS-FeedDer RSS-Feed wird Ihnen durch den externen Dienstleister Google Feedburner aufbereitet und zur Verf\u00fcgung gestellt. Dies erm\u00f6glicht mir ausf\u00fchrlichere Statistiken, deren Daten ebenfalls keiner Person zugeordnet werden k\u00f6nnen. Der Anbieter erhebt eventuell weitere Daten, auf die ich jedoch keinen Einfluss habe.Verwendung des XING-ButtonsAuf dieser Internetseite wird der XING-Share-Button \u00fcber das &#8222;2-Click Social Media Buttons&#8220;-Plug-In eingesetzt. Beim Aufruf dieser Internetsite wird \u00fcber Ihren Browser keine Verbindung zu Servern der XING AG (\u201cXING\u201d) aufgebaut. Dies geschieht erst mit dem manuellen Aktivieren des XING-Share-Buttons, mit denen die verschiedenen XING-Share-Button-Funktionen, insbesondere die Berechnung\/Anzeige des Z\u00e4hlerwertes, erbracht werden. XING speichert keine personenbezogenen Daten \u00fcber den Aufruf dieser Internetsite. XING speichert insbesondere keine IP-Adressen. Es findet auch keine Auswertung Ihres Nutzungsverhaltens \u00fcber die Verwendung von Cookies im Zusammenhang mit dem XING-Share-Button statt. Die jeweils aktuellen Datenschutzinformationen zum XING-Share-Button und erg\u00e4nzende Informationen k\u00f6nnen Sie auf dieser Internetsite abrufen: https:\/\/www.xing.com\/app\/share?op=data_protectionVerwendung von Facebook-Social-Plug-InsDieser Internetauftritt verwendet Social Plug-Ins des sozialen Netzwerks facebook.com, welches von der Facebook Inc., 1601 S. California Ave, Palo Alto, CA 94304, USA betrieben wird. Die Plug-Ins sind mit einem Facebook-Logo oder dem Zusatz \u201cFacebook Social Plugin\u201d gekennzeichnet.Wenn Sie eine Seite dieses Internetauftritts aufrufen, die ein solches Plug-In enth\u00e4lt, baut Ihr Browser eine direkte Verbindung zu den Servern von Facebook auf. Der Inhalt des Plug-Ins wird von Facebook direkt an Ihren Browser \u00fcbermittelt und von diesem in die Website eingebunden.Durch die Einbindung der Plug-Ins erh\u00e4lt Facebook die Information, dass Sie die entsprechende Seite dieses Internetauftritts aufgerufen haben. Sind Sie bei Facebook eingeloggt, kann Facebook den Besuch Ihrem Facebook-Konto zuordnen. Wenn Sie mit den Plug-Ins interagieren, zum Beispiel den \u201cGef\u00e4llt-mir&#8220;-Button bet\u00e4tigen oder einen Kommentar abgeben, wird die entsprechende Information von Ihrem Browser direkt an Facebook \u00fcbermittelt und dort gespeichert.Zweck und Umfang der Datenerhebung und die weitere Verarbeitung und Nutzung der Daten durch Facebook sowie Ihre diesbez\u00fcglichen Rechte und Einstellungsm\u00f6glichkeiten zum Schutz Ihrer Privatsph\u00e4re entnehmen Sie bitte den Datenschutzhinweisen von Facebook.Wenn Sie nicht m\u00f6chten, dass Facebook \u00fcber diesen Internetauftritt Daten \u00fcber Sie sammelt, m\u00fcssen Sie sich vor Ihrem Besuch unseres Internetauftritts bei Facebook ausloggen.Enter your text here&#8230;<\/p>\n","protected":false},"excerpt":{"rendered":"<p>Inhaltlich Verantwortlicher f\u00fcr diesen Webauftrittsowie Information, Kontakt &amp; Anmeldung:Thomas HurtzDiefenauer Weg 1753567 AsbachTelefon: 02683-966722Mobiltelefon: 0178-1304034E-Mail-Adresse: thomas.hurtz(at)gmx.netBitte kopieren sie die Mailadresse und f\u00fcgen Sie sie in Ihrem Mailsystem ein.Das (at)-Zeichen bitte mit \u2192 @ ersetzen, danke. Ich freue mich auf Ihre Nachricht.Internetadresse: www.thomashurtz-aufstellungen.deFinanzamt NeuwiedSteuer-Nr. 32\/074\/58826Haftungsausschluss1. Inhalt des Online-AngebotesDer Autor \u00fcbernimmt keinerlei Gew\u00e4hr f\u00fcr die Aktualit\u00e4t, Korrektheit, [&hellip;]<\/p>\n","protected":false},"author":1,"featured_media":0,"parent":0,"menu_order":0,"comment_status":"closed","ping_status":"closed","template":"","meta":{"footnotes":"","tve_updated_post":"","tve_custom_css":"","tve_user_custom_css":"","tve_globals":{},"tcb2_ready":1,"tcb_editor_enabled":1,"tve_landing_page":"a2b45a063facdc23177734c5eedce762","_tve_header":"91","_tve_footer":"92"},"class_list":["post-242","page","type-page","status-publish","hentry","post-wrapper","thrv_wrapper"],"yoast_head":"<!-- This site is optimized with the Yoast SEO plugin v27.5 - https:\/\/yoast.com\/product\/yoast-seo-wordpress\/ -->\n<title>Impressum - Thomas Hurtz-Aufstellungen<\/title>\n<meta name=\"robots\" content=\"index, follow, max-snippet:-1, max-image-preview:large, max-video-preview:-1\" \/>\n<link rel=\"canonical\" href=\"https:\/\/thomashurtz-aufstellungen.de\/index.php\/impressum\/\" \/>\n<meta property=\"og:locale\" content=\"de_DE\" \/>\n<meta property=\"og:type\" content=\"article\" \/>\n<meta property=\"og:title\" content=\"Impressum - Thomas Hurtz-Aufstellungen\" \/>\n<meta property=\"og:description\" content=\"Inhaltlich Verantwortlicher f\u00fcr diesen Webauftrittsowie Information, Kontakt &amp; Anmeldung:Thomas HurtzDiefenauer Weg 1753567 AsbachTelefon: 02683-966722Mobiltelefon: 0178-1304034E-Mail-Adresse: thomas.hurtz(at)gmx.netBitte kopieren sie die Mailadresse und f\u00fcgen Sie sie in Ihrem Mailsystem ein.Das (at)-Zeichen bitte mit \u2192 @ ersetzen, danke. Ich freue mich auf Ihre Nachricht.Internetadresse: www.thomashurtz-aufstellungen.deFinanzamt NeuwiedSteuer-Nr. 32\/074\/58826Haftungsausschluss1. Inhalt des Online-AngebotesDer Autor \u00fcbernimmt keinerlei Gew\u00e4hr f\u00fcr die Aktualit\u00e4t, Korrektheit, [&hellip;]\" \/>\n<meta property=\"og:url\" content=\"https:\/\/thomashurtz-aufstellungen.de\/index.php\/impressum\/\" \/>\n<meta property=\"og:site_name\" content=\"Thomas Hurtz-Aufstellungen\" \/>\n<meta property=\"article:modified_time\" content=\"2024-01-18T08:59:31+00:00\" \/>\n<meta name=\"twitter:card\" content=\"summary_large_image\" \/>\n<script type=\"application\/ld+json\" class=\"yoast-schema-graph\">{\"@context\":\"https:\\\/\\\/schema.org\",\"@graph\":[{\"@type\":\"WebPage\",\"@id\":\"https:\\\/\\\/thomashurtz-aufstellungen.de\\\/index.php\\\/impressum\\\/\",\"url\":\"https:\\\/\\\/thomashurtz-aufstellungen.de\\\/index.php\\\/impressum\\\/\",\"name\":\"Impressum - Thomas Hurtz-Aufstellungen\",\"isPartOf\":{\"@id\":\"https:\\\/\\\/thomashurtz-aufstellungen.de\\\/#website\"},\"datePublished\":\"2023-11-13T22:39:39+00:00\",\"dateModified\":\"2024-01-18T08:59:31+00:00\",\"breadcrumb\":{\"@id\":\"https:\\\/\\\/thomashurtz-aufstellungen.de\\\/index.php\\\/impressum\\\/#breadcrumb\"},\"inLanguage\":\"de\",\"potentialAction\":[{\"@type\":\"ReadAction\",\"target\":[\"https:\\\/\\\/thomashurtz-aufstellungen.de\\\/index.php\\\/impressum\\\/\"]}]},{\"@type\":\"BreadcrumbList\",\"@id\":\"https:\\\/\\\/thomashurtz-aufstellungen.de\\\/index.php\\\/impressum\\\/#breadcrumb\",\"itemListElement\":[{\"@type\":\"ListItem\",\"position\":1,\"name\":\"Startseite\",\"item\":\"https:\\\/\\\/thomashurtz-aufstellungen.de\\\/\"},{\"@type\":\"ListItem\",\"position\":2,\"name\":\"Impressum\"}]},{\"@type\":\"WebSite\",\"@id\":\"https:\\\/\\\/thomashurtz-aufstellungen.de\\\/#website\",\"url\":\"https:\\\/\\\/thomashurtz-aufstellungen.de\\\/\",\"name\":\"Thomas Hurtz-Aufstellungen\",\"description\":\"\",\"potentialAction\":[{\"@type\":\"SearchAction\",\"target\":{\"@type\":\"EntryPoint\",\"urlTemplate\":\"https:\\\/\\\/thomashurtz-aufstellungen.de\\\/?s={search_term_string}\"},\"query-input\":{\"@type\":\"PropertyValueSpecification\",\"valueRequired\":true,\"valueName\":\"search_term_string\"}}],\"inLanguage\":\"de\"}]}<\/script>\n<!-- \/ Yoast SEO plugin. -->","yoast_head_json":{"title":"Impressum - Thomas Hurtz-Aufstellungen","robots":{"index":"index","follow":"follow","max-snippet":"max-snippet:-1","max-image-preview":"max-image-preview:large","max-video-preview":"max-video-preview:-1"},"canonical":"https:\/\/thomashurtz-aufstellungen.de\/index.php\/impressum\/","og_locale":"de_DE","og_type":"article","og_title":"Impressum - Thomas Hurtz-Aufstellungen","og_description":"Inhaltlich Verantwortlicher f\u00fcr diesen Webauftrittsowie Information, Kontakt &amp; Anmeldung:Thomas HurtzDiefenauer Weg 1753567 AsbachTelefon: 02683-966722Mobiltelefon: 0178-1304034E-Mail-Adresse: thomas.hurtz(at)gmx.netBitte kopieren sie die Mailadresse und f\u00fcgen Sie sie in Ihrem Mailsystem ein.Das (at)-Zeichen bitte mit \u2192 @ ersetzen, danke. Ich freue mich auf Ihre Nachricht.Internetadresse: www.thomashurtz-aufstellungen.deFinanzamt NeuwiedSteuer-Nr. 32\/074\/58826Haftungsausschluss1. Inhalt des Online-AngebotesDer Autor \u00fcbernimmt keinerlei Gew\u00e4hr f\u00fcr die Aktualit\u00e4t, Korrektheit, [&hellip;]","og_url":"https:\/\/thomashurtz-aufstellungen.de\/index.php\/impressum\/","og_site_name":"Thomas Hurtz-Aufstellungen","article_modified_time":"2024-01-18T08:59:31+00:00","twitter_card":"summary_large_image","schema":{"@context":"https:\/\/schema.org","@graph":[{"@type":"WebPage","@id":"https:\/\/thomashurtz-aufstellungen.de\/index.php\/impressum\/","url":"https:\/\/thomashurtz-aufstellungen.de\/index.php\/impressum\/","name":"Impressum - Thomas Hurtz-Aufstellungen","isPartOf":{"@id":"https:\/\/thomashurtz-aufstellungen.de\/#website"},"datePublished":"2023-11-13T22:39:39+00:00","dateModified":"2024-01-18T08:59:31+00:00","breadcrumb":{"@id":"https:\/\/thomashurtz-aufstellungen.de\/index.php\/impressum\/#breadcrumb"},"inLanguage":"de","potentialAction":[{"@type":"ReadAction","target":["https:\/\/thomashurtz-aufstellungen.de\/index.php\/impressum\/"]}]},{"@type":"BreadcrumbList","@id":"https:\/\/thomashurtz-aufstellungen.de\/index.php\/impressum\/#breadcrumb","itemListElement":[{"@type":"ListItem","position":1,"name":"Startseite","item":"https:\/\/thomashurtz-aufstellungen.de\/"},{"@type":"ListItem","position":2,"name":"Impressum"}]},{"@type":"WebSite","@id":"https:\/\/thomashurtz-aufstellungen.de\/#website","url":"https:\/\/thomashurtz-aufstellungen.de\/","name":"Thomas Hurtz-Aufstellungen","description":"","potentialAction":[{"@type":"SearchAction","target":{"@type":"EntryPoint","urlTemplate":"https:\/\/thomashurtz-aufstellungen.de\/?s={search_term_string}"},"query-input":{"@type":"PropertyValueSpecification","valueRequired":true,"valueName":"search_term_string"}}],"inLanguage":"de"}]}},"_links":{"self":[{"href":"https:\/\/thomashurtz-aufstellungen.de\/index.php\/wp-json\/wp\/v2\/pages\/242","targetHints":{"allow":["GET"]}}],"collection":[{"href":"https:\/\/thomashurtz-aufstellungen.de\/index.php\/wp-json\/wp\/v2\/pages"}],"about":[{"href":"https:\/\/thomashurtz-aufstellungen.de\/index.php\/wp-json\/wp\/v2\/types\/page"}],"author":[{"embeddable":true,"href":"https:\/\/thomashurtz-aufstellungen.de\/index.php\/wp-json\/wp\/v2\/users\/1"}],"replies":[{"embeddable":true,"href":"https:\/\/thomashurtz-aufstellungen.de\/index.php\/wp-json\/wp\/v2\/comments?post=242"}],"version-history":[{"count":10,"href":"https:\/\/thomashurtz-aufstellungen.de\/index.php\/wp-json\/wp\/v2\/pages\/242\/revisions"}],"predecessor-version":[{"id":278,"href":"https:\/\/thomashurtz-aufstellungen.de\/index.php\/wp-json\/wp\/v2\/pages\/242\/revisions\/278"}],"wp:attachment":[{"href":"https:\/\/thomashurtz-aufstellungen.de\/index.php\/wp-json\/wp\/v2\/media?parent=242"}],"curies":[{"name":"wp","href":"https:\/\/api.w.org\/{rel}","templated":true}]}}