{"id":214,"date":"2023-11-08T20:38:07","date_gmt":"2023-11-08T20:38:07","guid":{"rendered":"https:\/\/thomashurtz-aufstellungen.de\/?page_id=214"},"modified":"2023-11-13T23:04:08","modified_gmt":"2023-11-13T23:04:08","slug":"anwendungsbereiche","status":"publish","type":"page","link":"https:\/\/thomashurtz-aufstellungen.de\/index.php\/anwendungsbereiche\/","title":{"rendered":"Anwendungsbereiche"},"content":{"rendered":"<h1 style=\"text-align: center;\">Anwendungsgebiete<\/h1>\n<h6 style=\"text-align: center;\"><strong>Konflikte in der Familie<\/strong><\/h6>\n<h6 style=\"\"><strong>Erreichen der eigenen Ziele<\/strong><\/h6>\n<h6 style=\"\"><strong>Steigerung beruflicher Erfolge<\/strong><\/h6>\n<h6 style=\"\"><strong><span style=\"\">Wiederkehrende<\/span> Konflikte<\/strong><\/h6>\n<h6 style=\"\"><strong><span style=\"\">Abschied nehmen von Verstorbenen<\/span><\/strong><\/h6>\n<h6 style=\"\"><strong>Erkennen von Fl\u00fcchen und schwarzer Magie<\/strong><\/h6>\n<h6 style=\"\"><strong>Analysieren von Krankheiten<\/strong><\/h6>\n<h6 style=\"\"><strong>F\u00fcr Firmen: Verbesserung der Zusammenarbeit im Team<\/strong><\/h6>\n<h6 style=\"\"><strong>Ergr\u00fcndung von Besetzungen in Menschen und in H\u00e4usern<\/strong><\/h6>\n<h2 style=\"text-align: center;\">Das geschieht unter anderem durch Aufstellungen<\/h2>\n<h6 style=\"text-align: center;\"><strong>R\u00fcckholung von Seelenanteilen<\/strong><\/h6>\n<h6 style=\"text-align: center;\"><strong>Abgeben von \u00fcbernommenen Fremdenergien<\/strong><\/h6>\n<h6 style=\"text-align: center;\"><strong>Erkennen des Lebensweges<\/strong><\/h6>\n<h6 style=\"text-align: center;\"><strong><span style=\"\">Aufl\u00f6sung von Blockaden<\/span><\/strong><\/h6>\n<h6 style=\"text-align: center;\"><strong>Bewusstwerdung alter Glaubenss\u00e4tze<\/strong><\/h6>\n<h6 style=\"text-align: center;\"><strong>\u00dcbernahme der Verantwortung f\u00fcr die eigenen Handlungen<\/strong><\/h6>\n<h6 style=\"text-align: center;\"><strong>Bewusstseinserweiterung<\/strong><\/h6>\n<h6 style=\"text-align: center;\"><strong><span style=\"\">Beseitigung von Fl\u00fcchen und Besetzungen<\/span><\/strong><\/h6>\n<h1 style=\"text-align: center;\">Anwendungen bei Tiere<\/h1>\n<h6 style=\"text-align: center;\"><strong>Verhaltensauff\u00e4lligkeiten<\/strong><\/h6>\n<h6 style=\"text-align: center;\"><strong>Steigerung der Leistungsf\u00e4higkeit<\/strong><\/h6>\n<h6 style=\"text-align: center;\"><strong><span style=\"\">Verbesserung der Beziehung zwischen Tier &amp; Mensch<\/span><\/strong><\/h6>\n<h6 style=\"text-align: center;\"><strong><span style=\"\">Aufl\u00f6sung traumatischer Erlebnisse in der Vergangenheit des Tieres (Missbrauch und Gefangenschaft)<\/span><\/strong><\/h6>\n<h6 style=\"text-align: center;\"><strong>Geistiges Heilen<\/strong><\/h6>\n<h6 style=\"text-align: center;\"><strong>Erreichen von gesetzten Zielen in unterschiedlichen Bereichen<\/strong><\/h6>\n<h2 style=\"text-align: center;\">F\u00fcr weitere Fragen stehe ich telefonisch gerne zur Verf\u00fcgung.<\/h2>\n<p style=\"text-align: left;\">Meine Anschrift<\/p>\n<p style=\"\">Thomas Hurtz<\/p>\n<p style=\"text-align: left;\">Diefenauer Weg 17<\/p>\n<p style=\"\">53567 Asbach<\/p>\n<p style=\"text-align: left;\">Telefonnummern<\/p>\n<p style=\"text-align: left;\">Festnetz: 02683\/966722<\/p>\n<p style=\"text-align: left;\">Mobil: 0178\/1304034<\/p>\n<p style=\"\">\n<p style=\"text-align: left;\">E-Mail<\/p>\n<p style=\"\">thomas.hurtz@gmx.net<\/p>\n<p style=\"text-align: center;\">Webseite mit Freude erstellt von der Agentur Giulio Andrioli.<\/p>\n","protected":false},"excerpt":{"rendered":"<p>Anwendungsgebiete Konflikte in der Familie Erreichen der eigenen Ziele Steigerung beruflicher Erfolge Wiederkehrende Konflikte Abschied nehmen von Verstorbenen Erkennen von Fl\u00fcchen und schwarzer Magie Analysieren von Krankheiten F\u00fcr Firmen: Verbesserung der Zusammenarbeit im Team Ergr\u00fcndung von Besetzungen in Menschen und in H\u00e4usern Das geschieht unter anderem durch Aufstellungen R\u00fcckholung von Seelenanteilen Abgeben von \u00fcbernommenen Fremdenergien [&hellip;]<\/p>\n","protected":false},"author":1,"featured_media":0,"parent":0,"menu_order":0,"comment_status":"closed","ping_status":"closed","template":"","meta":{"footnotes":""},"class_list":["post-214","page","type-page","status-publish","hentry","post-wrapper","thrv_wrapper"],"yoast_head":"<!-- This site is optimized with the Yoast SEO plugin v27.5 - https:\/\/yoast.com\/product\/yoast-seo-wordpress\/ -->\n<title>Anwendungsbereiche - Thomas Hurtz-Aufstellungen<\/title>\n<meta name=\"robots\" content=\"index, follow, max-snippet:-1, max-image-preview:large, max-video-preview:-1\" \/>\n<link rel=\"canonical\" href=\"https:\/\/thomashurtz-aufstellungen.de\/index.php\/anwendungsbereiche\/\" \/>\n<meta property=\"og:locale\" content=\"de_DE\" \/>\n<meta property=\"og:type\" content=\"article\" \/>\n<meta property=\"og:title\" content=\"Anwendungsbereiche - Thomas Hurtz-Aufstellungen\" \/>\n<meta property=\"og:description\" content=\"Anwendungsgebiete Konflikte in der Familie Erreichen der eigenen Ziele Steigerung beruflicher Erfolge Wiederkehrende Konflikte Abschied nehmen von Verstorbenen Erkennen von Fl\u00fcchen und schwarzer Magie Analysieren von Krankheiten F\u00fcr Firmen: Verbesserung der Zusammenarbeit im Team Ergr\u00fcndung von Besetzungen in Menschen und in H\u00e4usern Das geschieht unter anderem durch Aufstellungen R\u00fcckholung von Seelenanteilen Abgeben von \u00fcbernommenen Fremdenergien [&hellip;]\" \/>\n<meta property=\"og:url\" content=\"https:\/\/thomashurtz-aufstellungen.de\/index.php\/anwendungsbereiche\/\" \/>\n<meta property=\"og:site_name\" content=\"Thomas Hurtz-Aufstellungen\" \/>\n<meta property=\"article:modified_time\" content=\"2023-11-13T23:04:08+00:00\" \/>\n<meta name=\"twitter:card\" content=\"summary_large_image\" \/>\n<script type=\"application\/ld+json\" class=\"yoast-schema-graph\">{\"@context\":\"https:\\\/\\\/schema.org\",\"@graph\":[{\"@type\":\"WebPage\",\"@id\":\"https:\\\/\\\/thomashurtz-aufstellungen.de\\\/index.php\\\/anwendungsbereiche\\\/\",\"url\":\"https:\\\/\\\/thomashurtz-aufstellungen.de\\\/index.php\\\/anwendungsbereiche\\\/\",\"name\":\"Anwendungsbereiche - Thomas Hurtz-Aufstellungen\",\"isPartOf\":{\"@id\":\"https:\\\/\\\/thomashurtz-aufstellungen.de\\\/#website\"},\"datePublished\":\"2023-11-08T20:38:07+00:00\",\"dateModified\":\"2023-11-13T23:04:08+00:00\",\"breadcrumb\":{\"@id\":\"https:\\\/\\\/thomashurtz-aufstellungen.de\\\/index.php\\\/anwendungsbereiche\\\/#breadcrumb\"},\"inLanguage\":\"de\",\"potentialAction\":[{\"@type\":\"ReadAction\",\"target\":[\"https:\\\/\\\/thomashurtz-aufstellungen.de\\\/index.php\\\/anwendungsbereiche\\\/\"]}]},{\"@type\":\"BreadcrumbList\",\"@id\":\"https:\\\/\\\/thomashurtz-aufstellungen.de\\\/index.php\\\/anwendungsbereiche\\\/#breadcrumb\",\"itemListElement\":[{\"@type\":\"ListItem\",\"position\":1,\"name\":\"Startseite\",\"item\":\"https:\\\/\\\/thomashurtz-aufstellungen.de\\\/\"},{\"@type\":\"ListItem\",\"position\":2,\"name\":\"Anwendungsbereiche\"}]},{\"@type\":\"WebSite\",\"@id\":\"https:\\\/\\\/thomashurtz-aufstellungen.de\\\/#website\",\"url\":\"https:\\\/\\\/thomashurtz-aufstellungen.de\\\/\",\"name\":\"Thomas Hurtz-Aufstellungen\",\"description\":\"\",\"potentialAction\":[{\"@type\":\"SearchAction\",\"target\":{\"@type\":\"EntryPoint\",\"urlTemplate\":\"https:\\\/\\\/thomashurtz-aufstellungen.de\\\/?s={search_term_string}\"},\"query-input\":{\"@type\":\"PropertyValueSpecification\",\"valueRequired\":true,\"valueName\":\"search_term_string\"}}],\"inLanguage\":\"de\"}]}<\/script>\n<!-- \/ Yoast SEO plugin. -->","yoast_head_json":{"title":"Anwendungsbereiche - Thomas Hurtz-Aufstellungen","robots":{"index":"index","follow":"follow","max-snippet":"max-snippet:-1","max-image-preview":"max-image-preview:large","max-video-preview":"max-video-preview:-1"},"canonical":"https:\/\/thomashurtz-aufstellungen.de\/index.php\/anwendungsbereiche\/","og_locale":"de_DE","og_type":"article","og_title":"Anwendungsbereiche - Thomas Hurtz-Aufstellungen","og_description":"Anwendungsgebiete Konflikte in der Familie Erreichen der eigenen Ziele Steigerung beruflicher Erfolge Wiederkehrende Konflikte Abschied nehmen von Verstorbenen Erkennen von Fl\u00fcchen und schwarzer Magie Analysieren von Krankheiten F\u00fcr Firmen: Verbesserung der Zusammenarbeit im Team Ergr\u00fcndung von Besetzungen in Menschen und in H\u00e4usern Das geschieht unter anderem durch Aufstellungen R\u00fcckholung von Seelenanteilen Abgeben von \u00fcbernommenen Fremdenergien [&hellip;]","og_url":"https:\/\/thomashurtz-aufstellungen.de\/index.php\/anwendungsbereiche\/","og_site_name":"Thomas Hurtz-Aufstellungen","article_modified_time":"2023-11-13T23:04:08+00:00","twitter_card":"summary_large_image","schema":{"@context":"https:\/\/schema.org","@graph":[{"@type":"WebPage","@id":"https:\/\/thomashurtz-aufstellungen.de\/index.php\/anwendungsbereiche\/","url":"https:\/\/thomashurtz-aufstellungen.de\/index.php\/anwendungsbereiche\/","name":"Anwendungsbereiche - Thomas Hurtz-Aufstellungen","isPartOf":{"@id":"https:\/\/thomashurtz-aufstellungen.de\/#website"},"datePublished":"2023-11-08T20:38:07+00:00","dateModified":"2023-11-13T23:04:08+00:00","breadcrumb":{"@id":"https:\/\/thomashurtz-aufstellungen.de\/index.php\/anwendungsbereiche\/#breadcrumb"},"inLanguage":"de","potentialAction":[{"@type":"ReadAction","target":["https:\/\/thomashurtz-aufstellungen.de\/index.php\/anwendungsbereiche\/"]}]},{"@type":"BreadcrumbList","@id":"https:\/\/thomashurtz-aufstellungen.de\/index.php\/anwendungsbereiche\/#breadcrumb","itemListElement":[{"@type":"ListItem","position":1,"name":"Startseite","item":"https:\/\/thomashurtz-aufstellungen.de\/"},{"@type":"ListItem","position":2,"name":"Anwendungsbereiche"}]},{"@type":"WebSite","@id":"https:\/\/thomashurtz-aufstellungen.de\/#website","url":"https:\/\/thomashurtz-aufstellungen.de\/","name":"Thomas Hurtz-Aufstellungen","description":"","potentialAction":[{"@type":"SearchAction","target":{"@type":"EntryPoint","urlTemplate":"https:\/\/thomashurtz-aufstellungen.de\/?s={search_term_string}"},"query-input":{"@type":"PropertyValueSpecification","valueRequired":true,"valueName":"search_term_string"}}],"inLanguage":"de"}]}},"_links":{"self":[{"href":"https:\/\/thomashurtz-aufstellungen.de\/index.php\/wp-json\/wp\/v2\/pages\/214","targetHints":{"allow":["GET"]}}],"collection":[{"href":"https:\/\/thomashurtz-aufstellungen.de\/index.php\/wp-json\/wp\/v2\/pages"}],"about":[{"href":"https:\/\/thomashurtz-aufstellungen.de\/index.php\/wp-json\/wp\/v2\/types\/page"}],"author":[{"embeddable":true,"href":"https:\/\/thomashurtz-aufstellungen.de\/index.php\/wp-json\/wp\/v2\/users\/1"}],"replies":[{"embeddable":true,"href":"https:\/\/thomashurtz-aufstellungen.de\/index.php\/wp-json\/wp\/v2\/comments?post=214"}],"version-history":[{"count":6,"href":"https:\/\/thomashurtz-aufstellungen.de\/index.php\/wp-json\/wp\/v2\/pages\/214\/revisions"}],"predecessor-version":[{"id":263,"href":"https:\/\/thomashurtz-aufstellungen.de\/index.php\/wp-json\/wp\/v2\/pages\/214\/revisions\/263"}],"wp:attachment":[{"href":"https:\/\/thomashurtz-aufstellungen.de\/index.php\/wp-json\/wp\/v2\/media?parent=214"}],"curies":[{"name":"wp","href":"https:\/\/api.w.org\/{rel}","templated":true}]}}