{"id":201,"date":"2023-11-08T19:45:21","date_gmt":"2023-11-08T19:45:21","guid":{"rendered":"https:\/\/thomashurtz-aufstellungen.de\/?page_id=201"},"modified":"2023-11-13T23:05:12","modified_gmt":"2023-11-13T23:05:12","slug":"prinzip-der-thomas-hurtz-aufstellungen","status":"publish","type":"page","link":"https:\/\/thomashurtz-aufstellungen.de\/index.php\/prinzip-der-thomas-hurtz-aufstellungen\/","title":{"rendered":"Prinzip der Thomas Hurtz-Aufstellungen"},"content":{"rendered":"<h1 style=\"text-align: center;\">Das Prinzip der Thomas Hurtz-Aufstellungen<\/h1>\n<p><span style=\"--tcb-applied-color: var$(--tcb-color-0) !important; color: var(--tcb-color-0) !important;\">In der Aufstellung, in der sich alle Beteiligten mit Respekt begegnen, wird das reale Beziehungsgeflecht in einer individuellen Gruppe aufgestellt.<\/span><\/p>\n<p><span style=\"color: var(--tcb-color-0) !important;\"><span style=\"--tcb-applied-color: var$(--tcb-color-0) !important;\">Dabei ist es unerheblich, um welches System es sich handelt &#8211; ob Beziehung, Familie oder Beruf.<\/span><\/span><\/p>\n<p><span style=\"color: var(--tcb-color-0) !important;\"><span style=\"--tcb-applied-color: var$(--tcb-color-0) !important;\">Das dargestellte Verhalten der Gruppenmitglieder l\u00e4sst die ineinandergreifenden Programme sichtbar werden. In der Aufstellung werden L\u00f6sungen erarbeitet, die zu positiven Ver\u00e4nderungen f\u00fchren.<\/span><\/span><\/p>\n<p><span style=\"color: var(--tcb-color-0) !important;\"><span style=\"--tcb-applied-color: var$(--tcb-color-0) !important;\">Meine Aufstellungen sind deshalb sehr interessant, weil die \u00fcbernommenen Stellvertreter-Rollen immer auch einen eigenen Pers\u00f6nlichkeitsanteil sichtbar machen. Die \u00fcbernommene Rolle und die daraus erkannte Verletzung wird komplett aufgel\u00f6st und damit die Weiterentwicklung des Stellvertreters gef\u00f6rdert. Je intensiver ich mit dem Stellvertreter arbeite, desto mehr geschieht auch mit dem Aufsteller selbst. W\u00e4hrend der Aufstellung erl\u00e4utere und erkl\u00e4re ich die Hintergr\u00fcnde der Problematik und beantworte Ihnen alle Fragen dazu.<\/span><\/span><\/p>\n<p style=\"\"><span style=\"--tcb-applied-color: var$(--tcb-color-0) !important; color: var(--tcb-color-0) !important;\">Ich setze in den Aufstellungen unterst\u00fctzend Energiearbeit ein. Dennoch ist die aktive Mitarbeit eines jeden Teilnehmers unerl\u00e4sslich.<\/span><\/p>\n<p style=\"\">Als Systemcoach helfe ich Dir dabei, tiefgreifende Ver\u00e4nderungen in Deinem Leben zu bewirken.<\/p>\n<p style=\"\">Gemeinsam l\u00f6sen wir Deine inneren Blockaden und f\u00f6rdern Deine pers\u00f6nliche Entwicklung. Wir setzen Deine verborgenen Kr\u00e4fte frei und verwandeln sie in positive Energie. Dadurch kannst Du Dein volles Potenzial entfalten und Deine Lebensqualit\u00e4t erheblich verbessern.<\/p>\n<h2 style=\"text-align: center;\">F\u00fcr weitere Fragen stehe ich telefonisch gerne zur Verf\u00fcgung.<\/h2>\n<p style=\"text-align: left;\">Meine Anschrift<\/p>\n<p style=\"\">Thomas Hurtz<\/p>\n<p style=\"text-align: left;\">Diefenauer Weg 17<\/p>\n<p style=\"\">53567 Asbach<\/p>\n<p style=\"text-align: left;\">Telefonnummern<\/p>\n<p style=\"text-align: left;\">Festnetz: 02683\/966722<\/p>\n<p style=\"text-align: left;\">Mobil: 0178\/1304034<\/p>\n<p style=\"\">\n<p style=\"text-align: left;\">E-Mail<\/p>\n<p style=\"\">thomas.hurtz@gmx.net<\/p>\n<p style=\"text-align: center;\">Webseite mit Freude erstellt von der Agentur Giulio Andrioli. <\/p>\n","protected":false},"excerpt":{"rendered":"<p>Das Prinzip der Thomas Hurtz-Aufstellungen In der Aufstellung, in der sich alle Beteiligten mit Respekt begegnen, wird das reale Beziehungsgeflecht in einer individuellen Gruppe aufgestellt. Dabei ist es unerheblich, um welches System es sich handelt &#8211; ob Beziehung, Familie oder Beruf. Das dargestellte Verhalten der Gruppenmitglieder l\u00e4sst die ineinandergreifenden Programme sichtbar werden. In der Aufstellung [&hellip;]<\/p>\n","protected":false},"author":1,"featured_media":0,"parent":0,"menu_order":0,"comment_status":"closed","ping_status":"closed","template":"","meta":{"footnotes":""},"class_list":["post-201","page","type-page","status-publish","hentry","post-wrapper","thrv_wrapper"],"yoast_head":"<!-- This site is optimized with the Yoast SEO plugin v27.5 - https:\/\/yoast.com\/product\/yoast-seo-wordpress\/ -->\n<title>Prinzip der Thomas Hurtz-Aufstellungen - Thomas Hurtz-Aufstellungen<\/title>\n<meta name=\"robots\" content=\"index, follow, max-snippet:-1, max-image-preview:large, max-video-preview:-1\" \/>\n<link rel=\"canonical\" href=\"https:\/\/thomashurtz-aufstellungen.de\/index.php\/prinzip-der-thomas-hurtz-aufstellungen\/\" \/>\n<meta property=\"og:locale\" content=\"de_DE\" \/>\n<meta property=\"og:type\" content=\"article\" \/>\n<meta property=\"og:title\" content=\"Prinzip der Thomas Hurtz-Aufstellungen - Thomas Hurtz-Aufstellungen\" \/>\n<meta property=\"og:description\" content=\"Das Prinzip der Thomas Hurtz-Aufstellungen In der Aufstellung, in der sich alle Beteiligten mit Respekt begegnen, wird das reale Beziehungsgeflecht in einer individuellen Gruppe aufgestellt. Dabei ist es unerheblich, um welches System es sich handelt &#8211; ob Beziehung, Familie oder Beruf. Das dargestellte Verhalten der Gruppenmitglieder l\u00e4sst die ineinandergreifenden Programme sichtbar werden. In der Aufstellung [&hellip;]\" \/>\n<meta property=\"og:url\" content=\"https:\/\/thomashurtz-aufstellungen.de\/index.php\/prinzip-der-thomas-hurtz-aufstellungen\/\" \/>\n<meta property=\"og:site_name\" content=\"Thomas Hurtz-Aufstellungen\" \/>\n<meta property=\"article:modified_time\" content=\"2023-11-13T23:05:12+00:00\" \/>\n<meta name=\"twitter:card\" content=\"summary_large_image\" \/>\n<script type=\"application\/ld+json\" class=\"yoast-schema-graph\">{\"@context\":\"https:\\\/\\\/schema.org\",\"@graph\":[{\"@type\":\"WebPage\",\"@id\":\"https:\\\/\\\/thomashurtz-aufstellungen.de\\\/index.php\\\/prinzip-der-thomas-hurtz-aufstellungen\\\/\",\"url\":\"https:\\\/\\\/thomashurtz-aufstellungen.de\\\/index.php\\\/prinzip-der-thomas-hurtz-aufstellungen\\\/\",\"name\":\"Prinzip der Thomas Hurtz-Aufstellungen - Thomas Hurtz-Aufstellungen\",\"isPartOf\":{\"@id\":\"https:\\\/\\\/thomashurtz-aufstellungen.de\\\/#website\"},\"datePublished\":\"2023-11-08T19:45:21+00:00\",\"dateModified\":\"2023-11-13T23:05:12+00:00\",\"breadcrumb\":{\"@id\":\"https:\\\/\\\/thomashurtz-aufstellungen.de\\\/index.php\\\/prinzip-der-thomas-hurtz-aufstellungen\\\/#breadcrumb\"},\"inLanguage\":\"de\",\"potentialAction\":[{\"@type\":\"ReadAction\",\"target\":[\"https:\\\/\\\/thomashurtz-aufstellungen.de\\\/index.php\\\/prinzip-der-thomas-hurtz-aufstellungen\\\/\"]}]},{\"@type\":\"BreadcrumbList\",\"@id\":\"https:\\\/\\\/thomashurtz-aufstellungen.de\\\/index.php\\\/prinzip-der-thomas-hurtz-aufstellungen\\\/#breadcrumb\",\"itemListElement\":[{\"@type\":\"ListItem\",\"position\":1,\"name\":\"Startseite\",\"item\":\"https:\\\/\\\/thomashurtz-aufstellungen.de\\\/\"},{\"@type\":\"ListItem\",\"position\":2,\"name\":\"Prinzip der Thomas Hurtz-Aufstellungen\"}]},{\"@type\":\"WebSite\",\"@id\":\"https:\\\/\\\/thomashurtz-aufstellungen.de\\\/#website\",\"url\":\"https:\\\/\\\/thomashurtz-aufstellungen.de\\\/\",\"name\":\"Thomas Hurtz-Aufstellungen\",\"description\":\"\",\"potentialAction\":[{\"@type\":\"SearchAction\",\"target\":{\"@type\":\"EntryPoint\",\"urlTemplate\":\"https:\\\/\\\/thomashurtz-aufstellungen.de\\\/?s={search_term_string}\"},\"query-input\":{\"@type\":\"PropertyValueSpecification\",\"valueRequired\":true,\"valueName\":\"search_term_string\"}}],\"inLanguage\":\"de\"}]}<\/script>\n<!-- \/ Yoast SEO plugin. -->","yoast_head_json":{"title":"Prinzip der Thomas Hurtz-Aufstellungen - Thomas Hurtz-Aufstellungen","robots":{"index":"index","follow":"follow","max-snippet":"max-snippet:-1","max-image-preview":"max-image-preview:large","max-video-preview":"max-video-preview:-1"},"canonical":"https:\/\/thomashurtz-aufstellungen.de\/index.php\/prinzip-der-thomas-hurtz-aufstellungen\/","og_locale":"de_DE","og_type":"article","og_title":"Prinzip der Thomas Hurtz-Aufstellungen - Thomas Hurtz-Aufstellungen","og_description":"Das Prinzip der Thomas Hurtz-Aufstellungen In der Aufstellung, in der sich alle Beteiligten mit Respekt begegnen, wird das reale Beziehungsgeflecht in einer individuellen Gruppe aufgestellt. Dabei ist es unerheblich, um welches System es sich handelt &#8211; ob Beziehung, Familie oder Beruf. Das dargestellte Verhalten der Gruppenmitglieder l\u00e4sst die ineinandergreifenden Programme sichtbar werden. In der Aufstellung [&hellip;]","og_url":"https:\/\/thomashurtz-aufstellungen.de\/index.php\/prinzip-der-thomas-hurtz-aufstellungen\/","og_site_name":"Thomas Hurtz-Aufstellungen","article_modified_time":"2023-11-13T23:05:12+00:00","twitter_card":"summary_large_image","schema":{"@context":"https:\/\/schema.org","@graph":[{"@type":"WebPage","@id":"https:\/\/thomashurtz-aufstellungen.de\/index.php\/prinzip-der-thomas-hurtz-aufstellungen\/","url":"https:\/\/thomashurtz-aufstellungen.de\/index.php\/prinzip-der-thomas-hurtz-aufstellungen\/","name":"Prinzip der Thomas Hurtz-Aufstellungen - Thomas Hurtz-Aufstellungen","isPartOf":{"@id":"https:\/\/thomashurtz-aufstellungen.de\/#website"},"datePublished":"2023-11-08T19:45:21+00:00","dateModified":"2023-11-13T23:05:12+00:00","breadcrumb":{"@id":"https:\/\/thomashurtz-aufstellungen.de\/index.php\/prinzip-der-thomas-hurtz-aufstellungen\/#breadcrumb"},"inLanguage":"de","potentialAction":[{"@type":"ReadAction","target":["https:\/\/thomashurtz-aufstellungen.de\/index.php\/prinzip-der-thomas-hurtz-aufstellungen\/"]}]},{"@type":"BreadcrumbList","@id":"https:\/\/thomashurtz-aufstellungen.de\/index.php\/prinzip-der-thomas-hurtz-aufstellungen\/#breadcrumb","itemListElement":[{"@type":"ListItem","position":1,"name":"Startseite","item":"https:\/\/thomashurtz-aufstellungen.de\/"},{"@type":"ListItem","position":2,"name":"Prinzip der Thomas Hurtz-Aufstellungen"}]},{"@type":"WebSite","@id":"https:\/\/thomashurtz-aufstellungen.de\/#website","url":"https:\/\/thomashurtz-aufstellungen.de\/","name":"Thomas Hurtz-Aufstellungen","description":"","potentialAction":[{"@type":"SearchAction","target":{"@type":"EntryPoint","urlTemplate":"https:\/\/thomashurtz-aufstellungen.de\/?s={search_term_string}"},"query-input":{"@type":"PropertyValueSpecification","valueRequired":true,"valueName":"search_term_string"}}],"inLanguage":"de"}]}},"_links":{"self":[{"href":"https:\/\/thomashurtz-aufstellungen.de\/index.php\/wp-json\/wp\/v2\/pages\/201","targetHints":{"allow":["GET"]}}],"collection":[{"href":"https:\/\/thomashurtz-aufstellungen.de\/index.php\/wp-json\/wp\/v2\/pages"}],"about":[{"href":"https:\/\/thomashurtz-aufstellungen.de\/index.php\/wp-json\/wp\/v2\/types\/page"}],"author":[{"embeddable":true,"href":"https:\/\/thomashurtz-aufstellungen.de\/index.php\/wp-json\/wp\/v2\/users\/1"}],"replies":[{"embeddable":true,"href":"https:\/\/thomashurtz-aufstellungen.de\/index.php\/wp-json\/wp\/v2\/comments?post=201"}],"version-history":[{"count":9,"href":"https:\/\/thomashurtz-aufstellungen.de\/index.php\/wp-json\/wp\/v2\/pages\/201\/revisions"}],"predecessor-version":[{"id":265,"href":"https:\/\/thomashurtz-aufstellungen.de\/index.php\/wp-json\/wp\/v2\/pages\/201\/revisions\/265"}],"wp:attachment":[{"href":"https:\/\/thomashurtz-aufstellungen.de\/index.php\/wp-json\/wp\/v2\/media?parent=201"}],"curies":[{"name":"wp","href":"https:\/\/api.w.org\/{rel}","templated":true}]}}