{"id":194,"date":"2023-11-08T19:32:52","date_gmt":"2023-11-08T19:32:52","guid":{"rendered":"https:\/\/thomashurtz-aufstellungen.de\/?page_id=194"},"modified":"2026-02-18T12:16:44","modified_gmt":"2026-02-18T12:16:44","slug":"termine","status":"publish","type":"page","link":"https:\/\/thomashurtz-aufstellungen.de\/index.php\/termine\/","title":{"rendered":"Termine"},"content":{"rendered":"<h2 style=\"text-align: center;\">Termine der Thomas Hurtz-Aufstellungen 2026<\/h2>\n<h6 style=\"\">07. M\u00e4rz 2026<\/h6>\n<p><strong>Systemaufstellung in Hennef &#8211; Uckerath<\/strong><\/p>\n<p><strong><\/strong>Seminarleitung: Thomas HurtzN\u00e4here Infos nach Anmeldung!<\/p>\n<p>Zeit: 10:00 bis 18:00 UhrGeb\u00fchr: Aufstellung 220 \u20acStellvertreter 70 \u20ac<\/p>\n<h6 style=\"\">11. April 2026<\/h6>\n<p><strong>Systemaufstellung in Hennef &#8211; Uckerath<\/strong><\/p>\n<p><strong><\/strong>Seminarleitung: Thomas HurtzN\u00e4here Infos nach Anmeldung!<\/p>\n<p>Zeit: 10:00 bis 18:00 UhrGeb\u00fchr: Aufstellung 220 \u20acStellvertreter 70 \u20ac<\/p>\n<h6 style=\"\">09. Mai 2026<\/h6>\n<p><strong>Systemaufstellung in Hennef &#8211; Uckerath<\/strong><\/p>\n<p><strong><\/strong>Seminarleitung: Thomas HurtzN\u00e4here Infos nach Anmeldung!<\/p>\n<p>Zeit: 10:00 bis 18:00 UhrGeb\u00fchr: Aufstellung 220 \u20acStellvertreter 70 \u20ac<\/p>\n<h6 style=\"\">30. Mai 2026<\/h6>\n<p><strong><strong>Kurz mit Hurtz &#8211; Aufstellung in Herne<\/strong><\/strong><\/p>\n<p><strong><\/strong>Seminarleitung: Thomas Hurtz, Nadine GehlhausN\u00e4here Infos nach Anmeldung!<\/p>\n<p>Zeit: 10:00 bis 18:00 UhrGeb\u00fchr: Aufstellung 130\u20ac<\/p>\n<\/p>\n<p>Anmeldung:<\/p>\n<ul>\n<li>Telefon: 02683-966722<\/li>\n<li>WhatsApp\/Telegram: 0178-1304034<\/li>\n<\/ul>\n<h6 style=\"\">13. Juni 2026<\/h6>\n<p><strong>Systemaufstellung in Hennef &#8211; Uckerath<\/strong><\/p>\n<p><strong><\/strong>Seminarleitung: Thomas HurtzN\u00e4here Infos nach Anmeldung!<\/p>\n<p>Zeit: 10:00 bis 18:00 UhrGeb\u00fchr: Aufstellung 220 \u20acStellvertreter 70 \u20ac<\/p>\n<h6 style=\"\">11. Juli 2026<\/h6>\n<p><strong>Systemaufstellung in Hennef &#8211; Uckerath<\/strong><\/p>\n<p><strong><\/strong>Seminarleitung: Thomas HurtzN\u00e4here Infos nach Anmeldung!<\/p>\n<p>Zeit: 10:00 bis 18:00 UhrGeb\u00fchr: Aufstellung 220 \u20acStellvertreter 70 \u20ac<\/p>\n<h6 style=\"\">08. August 2026<\/h6>\n<p><strong>Systemaufstellung in Hennef &#8211; Uckerath<\/strong><\/p>\n<p><strong><\/strong>Seminarleitung: Thomas HurtzN\u00e4here Infos nach Anmeldung!<\/p>\n<p>Zeit: 10:00 bis 18:00 UhrGeb\u00fchr: Aufstellung 220 \u20acStellvertreter 70 \u20ac<\/p>\n<h6 style=\"\">12. September 2026<\/h6>\n<p><strong>Systemaufstellung in Hennef &#8211; Uckerath<\/strong><\/p>\n<p><strong><\/strong>Seminarleitung: Thomas HurtzN\u00e4here Infos nach Anmeldung!<\/p>\n<p>Zeit: 10:00 bis 18:00 UhrGeb\u00fchr: Aufstellung 220 \u20acStellvertreter 70 \u20ac<\/p>\n<h6 style=\"\">19. September 2026<\/h6>\n<p><strong><strong>Kurz mit Hurtz &#8211; Aufstellung in Herne<\/strong><\/strong><\/p>\n<p><strong><\/strong>Seminarleitung: Thomas Hurtz, Nadine GehlhausN\u00e4here Infos nach Anmeldung!<\/p>\n<p>Zeit: 10:00 bis 18:00 UhrGeb\u00fchr: Aufstellung 130\u20ac<\/p>\n<\/p>\n<p>Anmeldung:<\/p>\n<ul>\n<li>Telefon: 02683-966722<\/li>\n<li>WhatsApp\/Telegram: 0178-1304034<\/li>\n<\/ul>\n<h6 style=\"\">10. Oktober 2026<\/h6>\n<p><strong>Systemaufstellung in Hennef &#8211; Uckerath<\/strong><\/p>\n<p><strong><\/strong>Seminarleitung: Thomas HurtzN\u00e4here Infos nach Anmeldung!<\/p>\n<p>Zeit: 10:00 bis 18:00 UhrGeb\u00fchr: Aufstellung 220 \u20acStellvertreter 70 \u20ac<\/p>\n<h6 style=\"\">12. November 2026<\/h6>\n<p><strong>Systemaufstellung in Hennef &#8211; Uckerath<\/strong><\/p>\n<p><strong><\/strong>Seminarleitung: Thomas HurtzN\u00e4here Infos nach Anmeldung!<\/p>\n<p>Zeit: 10:00 bis 18:00 UhrGeb\u00fchr: Aufstellung 220 \u20acStellvertreter 70 \u20ac<\/p>\n<h6 style=\"\">21. November 2026<\/h6>\n<p><strong><strong>Kurz mit Hurtz &#8211; Aufstellung in Herne<\/strong><\/strong><\/p>\n<p><strong><\/strong>Seminarleitung: Thomas Hurtz, Nadine GehlhausN\u00e4here Infos nach Anmeldung!<\/p>\n<p>Zeit: 10:00 bis 18:00 UhrGeb\u00fchr: Aufstellung 130\u20ac<\/p>\n<\/p>\n<p>Anmeldung:<\/p>\n<ul>\n<li>Telefon: 02683-966722<\/li>\n<li>WhatsApp\/Telegram: 0178-1304034<\/li>\n<\/ul>\n<h2 style=\"text-align: center;\"><strong>Anmeldungen und Fragen telefonisch oder per Mail.<\/strong><\/h2>\n<p style=\"text-align: left;\">Meine Anschrift<\/p>\n<p style=\"\">Thomas Hurtz<\/p>\n<p style=\"text-align: left;\">Diefenauer Weg 17<\/p>\n<p style=\"\">53567 Asbach<\/p>\n<p style=\"text-align: left;\">Telefonnummern<\/p>\n<p style=\"text-align: left;\">Festnetz: 02683\/966722<\/p>\n<p style=\"text-align: left;\">Mobil: 0178\/1304034<\/p>\n<p style=\"\">\n<p style=\"text-align: left;\">E-Mail<\/p>\n<p style=\"\">thomas.hurtz@gmx.net<\/p>\n<p style=\"text-align: center;\">Webseite mit Freude erstellt von der Agentur Giulio Andrioli.<\/p>\n","protected":false},"excerpt":{"rendered":"<p>Termine der Thomas Hurtz-Aufstellungen 2026 07. M\u00e4rz 2026 Systemaufstellung in Hennef &#8211; Uckerath Seminarleitung: Thomas HurtzN\u00e4here Infos nach Anmeldung! Zeit: 10:00 bis 18:00 UhrGeb\u00fchr: Aufstellung 220 \u20acStellvertreter 70 \u20ac 11. April 2026 Systemaufstellung in Hennef &#8211; Uckerath Seminarleitung: Thomas HurtzN\u00e4here Infos nach Anmeldung! Zeit: 10:00 bis 18:00 UhrGeb\u00fchr: Aufstellung 220 \u20acStellvertreter 70 \u20ac 09. Mai [&hellip;]<\/p>\n","protected":false},"author":1,"featured_media":0,"parent":0,"menu_order":0,"comment_status":"closed","ping_status":"closed","template":"","meta":{"footnotes":""},"class_list":["post-194","page","type-page","status-publish","hentry","post-wrapper","thrv_wrapper"],"yoast_head":"<!-- This site is optimized with the Yoast SEO plugin v27.5 - https:\/\/yoast.com\/product\/yoast-seo-wordpress\/ -->\n<title>Termine - Thomas Hurtz-Aufstellungen<\/title>\n<meta name=\"robots\" content=\"index, follow, max-snippet:-1, max-image-preview:large, max-video-preview:-1\" \/>\n<link rel=\"canonical\" href=\"https:\/\/thomashurtz-aufstellungen.de\/index.php\/termine\/\" \/>\n<meta property=\"og:locale\" content=\"de_DE\" \/>\n<meta property=\"og:type\" content=\"article\" \/>\n<meta property=\"og:title\" content=\"Termine - Thomas Hurtz-Aufstellungen\" \/>\n<meta property=\"og:description\" content=\"Termine der Thomas Hurtz-Aufstellungen 2026 07. M\u00e4rz 2026 Systemaufstellung in Hennef &#8211; Uckerath Seminarleitung: Thomas HurtzN\u00e4here Infos nach Anmeldung! Zeit: 10:00 bis 18:00 UhrGeb\u00fchr: Aufstellung 220 \u20acStellvertreter 70 \u20ac 11. April 2026 Systemaufstellung in Hennef &#8211; Uckerath Seminarleitung: Thomas HurtzN\u00e4here Infos nach Anmeldung! Zeit: 10:00 bis 18:00 UhrGeb\u00fchr: Aufstellung 220 \u20acStellvertreter 70 \u20ac 09. Mai [&hellip;]\" \/>\n<meta property=\"og:url\" content=\"https:\/\/thomashurtz-aufstellungen.de\/index.php\/termine\/\" \/>\n<meta property=\"og:site_name\" content=\"Thomas Hurtz-Aufstellungen\" \/>\n<meta property=\"article:modified_time\" content=\"2026-02-18T12:16:44+00:00\" \/>\n<meta name=\"twitter:card\" content=\"summary_large_image\" \/>\n<meta name=\"twitter:label1\" content=\"Gesch\u00e4tzte Lesezeit\" \/>\n\t<meta name=\"twitter:data1\" content=\"3\u00a0Minuten\" \/>\n<script type=\"application\/ld+json\" class=\"yoast-schema-graph\">{\"@context\":\"https:\\\/\\\/schema.org\",\"@graph\":[{\"@type\":\"WebPage\",\"@id\":\"https:\\\/\\\/thomashurtz-aufstellungen.de\\\/index.php\\\/termine\\\/\",\"url\":\"https:\\\/\\\/thomashurtz-aufstellungen.de\\\/index.php\\\/termine\\\/\",\"name\":\"Termine - Thomas Hurtz-Aufstellungen\",\"isPartOf\":{\"@id\":\"https:\\\/\\\/thomashurtz-aufstellungen.de\\\/#website\"},\"datePublished\":\"2023-11-08T19:32:52+00:00\",\"dateModified\":\"2026-02-18T12:16:44+00:00\",\"breadcrumb\":{\"@id\":\"https:\\\/\\\/thomashurtz-aufstellungen.de\\\/index.php\\\/termine\\\/#breadcrumb\"},\"inLanguage\":\"de\",\"potentialAction\":[{\"@type\":\"ReadAction\",\"target\":[\"https:\\\/\\\/thomashurtz-aufstellungen.de\\\/index.php\\\/termine\\\/\"]}]},{\"@type\":\"BreadcrumbList\",\"@id\":\"https:\\\/\\\/thomashurtz-aufstellungen.de\\\/index.php\\\/termine\\\/#breadcrumb\",\"itemListElement\":[{\"@type\":\"ListItem\",\"position\":1,\"name\":\"Startseite\",\"item\":\"https:\\\/\\\/thomashurtz-aufstellungen.de\\\/\"},{\"@type\":\"ListItem\",\"position\":2,\"name\":\"Termine\"}]},{\"@type\":\"WebSite\",\"@id\":\"https:\\\/\\\/thomashurtz-aufstellungen.de\\\/#website\",\"url\":\"https:\\\/\\\/thomashurtz-aufstellungen.de\\\/\",\"name\":\"Thomas Hurtz-Aufstellungen\",\"description\":\"\",\"potentialAction\":[{\"@type\":\"SearchAction\",\"target\":{\"@type\":\"EntryPoint\",\"urlTemplate\":\"https:\\\/\\\/thomashurtz-aufstellungen.de\\\/?s={search_term_string}\"},\"query-input\":{\"@type\":\"PropertyValueSpecification\",\"valueRequired\":true,\"valueName\":\"search_term_string\"}}],\"inLanguage\":\"de\"}]}<\/script>\n<!-- \/ Yoast SEO plugin. -->","yoast_head_json":{"title":"Termine - Thomas Hurtz-Aufstellungen","robots":{"index":"index","follow":"follow","max-snippet":"max-snippet:-1","max-image-preview":"max-image-preview:large","max-video-preview":"max-video-preview:-1"},"canonical":"https:\/\/thomashurtz-aufstellungen.de\/index.php\/termine\/","og_locale":"de_DE","og_type":"article","og_title":"Termine - Thomas Hurtz-Aufstellungen","og_description":"Termine der Thomas Hurtz-Aufstellungen 2026 07. M\u00e4rz 2026 Systemaufstellung in Hennef &#8211; Uckerath Seminarleitung: Thomas HurtzN\u00e4here Infos nach Anmeldung! Zeit: 10:00 bis 18:00 UhrGeb\u00fchr: Aufstellung 220 \u20acStellvertreter 70 \u20ac 11. April 2026 Systemaufstellung in Hennef &#8211; Uckerath Seminarleitung: Thomas HurtzN\u00e4here Infos nach Anmeldung! Zeit: 10:00 bis 18:00 UhrGeb\u00fchr: Aufstellung 220 \u20acStellvertreter 70 \u20ac 09. Mai [&hellip;]","og_url":"https:\/\/thomashurtz-aufstellungen.de\/index.php\/termine\/","og_site_name":"Thomas Hurtz-Aufstellungen","article_modified_time":"2026-02-18T12:16:44+00:00","twitter_card":"summary_large_image","twitter_misc":{"Gesch\u00e4tzte Lesezeit":"3\u00a0Minuten"},"schema":{"@context":"https:\/\/schema.org","@graph":[{"@type":"WebPage","@id":"https:\/\/thomashurtz-aufstellungen.de\/index.php\/termine\/","url":"https:\/\/thomashurtz-aufstellungen.de\/index.php\/termine\/","name":"Termine - Thomas Hurtz-Aufstellungen","isPartOf":{"@id":"https:\/\/thomashurtz-aufstellungen.de\/#website"},"datePublished":"2023-11-08T19:32:52+00:00","dateModified":"2026-02-18T12:16:44+00:00","breadcrumb":{"@id":"https:\/\/thomashurtz-aufstellungen.de\/index.php\/termine\/#breadcrumb"},"inLanguage":"de","potentialAction":[{"@type":"ReadAction","target":["https:\/\/thomashurtz-aufstellungen.de\/index.php\/termine\/"]}]},{"@type":"BreadcrumbList","@id":"https:\/\/thomashurtz-aufstellungen.de\/index.php\/termine\/#breadcrumb","itemListElement":[{"@type":"ListItem","position":1,"name":"Startseite","item":"https:\/\/thomashurtz-aufstellungen.de\/"},{"@type":"ListItem","position":2,"name":"Termine"}]},{"@type":"WebSite","@id":"https:\/\/thomashurtz-aufstellungen.de\/#website","url":"https:\/\/thomashurtz-aufstellungen.de\/","name":"Thomas Hurtz-Aufstellungen","description":"","potentialAction":[{"@type":"SearchAction","target":{"@type":"EntryPoint","urlTemplate":"https:\/\/thomashurtz-aufstellungen.de\/?s={search_term_string}"},"query-input":{"@type":"PropertyValueSpecification","valueRequired":true,"valueName":"search_term_string"}}],"inLanguage":"de"}]}},"_links":{"self":[{"href":"https:\/\/thomashurtz-aufstellungen.de\/index.php\/wp-json\/wp\/v2\/pages\/194","targetHints":{"allow":["GET"]}}],"collection":[{"href":"https:\/\/thomashurtz-aufstellungen.de\/index.php\/wp-json\/wp\/v2\/pages"}],"about":[{"href":"https:\/\/thomashurtz-aufstellungen.de\/index.php\/wp-json\/wp\/v2\/types\/page"}],"author":[{"embeddable":true,"href":"https:\/\/thomashurtz-aufstellungen.de\/index.php\/wp-json\/wp\/v2\/users\/1"}],"replies":[{"embeddable":true,"href":"https:\/\/thomashurtz-aufstellungen.de\/index.php\/wp-json\/wp\/v2\/comments?post=194"}],"version-history":[{"count":24,"href":"https:\/\/thomashurtz-aufstellungen.de\/index.php\/wp-json\/wp\/v2\/pages\/194\/revisions"}],"predecessor-version":[{"id":331,"href":"https:\/\/thomashurtz-aufstellungen.de\/index.php\/wp-json\/wp\/v2\/pages\/194\/revisions\/331"}],"wp:attachment":[{"href":"https:\/\/thomashurtz-aufstellungen.de\/index.php\/wp-json\/wp\/v2\/media?parent=194"}],"curies":[{"name":"wp","href":"https:\/\/api.w.org\/{rel}","templated":true}]}}