{"id":107,"date":"2023-11-08T21:39:40","date_gmt":"2023-11-08T21:39:40","guid":{"rendered":"https:\/\/thomashurtz-aufstellungen.de\/?page_id=107"},"modified":"2023-11-13T23:00:48","modified_gmt":"2023-11-13T23:00:48","slug":"erfahrungsberichte","status":"publish","type":"page","link":"https:\/\/thomashurtz-aufstellungen.de\/index.php\/erfahrungsberichte\/","title":{"rendered":"Erfahrungsberichte"},"content":{"rendered":"<h1 style=\"\">Erfahrungsberichte<\/h1>\n<p><span style=\"width: 100%;\"><img decoding=\"async\" alt=\"\" title=\"Testimonial-Larissa-Kurzer\" data-id=\"234\" src=\"https:\/\/thomashurtz-aufstellungen.de\/wp-content\/uploads\/2023\/11\/Testimonial-Larissa-Kurzer.png\" style=\"aspect-ratio: auto 500 \/ 500;\" width=\"149\" height=\"149\" data-width=\"149\" data-height=\"149\" data-init-width=\"500\" data-init-height=\"500\" loading=\"lazy\"><\/span><\/p>\n<h1 style=\"\"><span style=\"font-weight: 400; font-family: Palanquin;\"><span style=\"\">\u201c<\/span><\/span><\/h1>\n<p style=\"text-align: left;\"><span style=\"--tcb-applied-color: var$(--tcb-color-0) !important; color: var(--tcb-color-0) !important;\">Ich kenne Thomas nun schon \u00fcber ein Jahr und in diesem Jahr habe ich mich selbst ganz neu kennengelernt. Ich war auf insgesamt 4 Aufstellungen von ihm und jedes Mal durfte ich etwas Neues herausfinden, was ich vielleicht innerlich schon wusste, aber mir nie bewusst gemacht hatte. Ich liebe es mit Thomas zu arbeiten, weil er es schafft, dass man selbst die Antworten findet. Und was ich besonders sch\u00e4tze ist, dass man auch als Statist mindestens genauso viel mitnehmen kann, wie wenn man sich selbst aufstellen l\u00e4sst. Danke Thomas f\u00fcr deine tolle Arbeit!<\/span><\/p>\n<h1 style=\"text-align: center;\"><em><span style=\"font-family: &quot;Playfair Display&quot;; font-weight: 400;\">Larissa Kurzer&nbsp;&#8211; <\/span><\/em><\/h1>\n<h1 style=\"text-align: center;\"><em><span style=\"font-family: &quot;Playfair Display&quot;; font-weight: 400;\">Personal Fitness Trainerin<\/span><\/em><\/h1>\n<p><em><span style=\"font-family: &quot;Playfair Display&quot;; font-weight: 400;\"><em><span>Tel: +49 1577 4277094<\/span><\/em><\/span><\/em><\/p>\n<p><span style=\"width: 100%;\"><img decoding=\"async\" alt=\"\" title=\"Ich\" data-id=\"235\" src=\"https:\/\/thomashurtz-aufstellungen.de\/wp-content\/uploads\/2023\/11\/Ich.jpeg\" style=\"aspect-ratio: auto 960 \/ 960;\" width=\"149\" height=\"149\" data-width=\"149\" data-height=\"149\" data-init-width=\"960\" data-init-height=\"960\" loading=\"lazy\"><\/span><\/p>\n<h1 style=\"\"><span style=\"font-weight: 400; font-family: Palanquin; --tcb-applied-color: var$(--tcb-color-0) !important;\"><span style=\"--tcb-applied-color: var$(--tcb-color-0) !important;\">\u201c<\/span><\/span><\/h1>\n<p style=\"text-align: left;\"><span style=\"\">Ich kenne Thomas nun ein halbes Jahr und k\u00f6nnte ein Buch \u00fcber ihn und seine Arbeit schreiben und wie er es geschafft hat, mein Leben auf den Kopf zu stellen. Im Positiven. Ich habe Thomas kennengelernt, als ich die schwierigste Zeit meines Lebens hatte. Er hat mir gezeigt, wie viele wundersch\u00f6ne Gr\u00fcnde es in meinem Leben gibt, weiter zu brennen und das Beste aus mir herauszuholen. Ich muss gestehen, ich war sehr skeptisch als ich von seiner Arbeit geh\u00f6rt habe &#8211; nach der ersten Aufstellung war die Skepsis allerdings weg, deswegen kann ich ihn und seine Arbeit jedem empfehlen!<\/span><\/p>\n<p style=\"text-align: left;\"><span style=\"\"><\/span><\/p>\n<h1 style=\"text-align: center;\"><em><span style=\"font-family: &quot;Playfair Display&quot;; font-weight: 400;\"><span style=\"\">Giulio Andrioli &#8211;&nbsp;<\/span><\/span><\/em><\/h1>\n<h1 style=\"text-align: center;\"><em><span style=\"font-family: &quot;Playfair Display&quot;; font-weight: 400;\"><span style=\"\"><span style=\"\">Inhaber Online Marketing Agentur<\/span><\/span><\/span><\/em><\/h1>\n<p><em><span style=\"font-family: &quot;Playfair Display&quot;; font-weight: 400;\"><span style=\"\"><span style=\"\"><em><span>Tel: +49 1635089910<\/span><\/em><\/span><\/span><\/span><\/em><\/p>\n<p><span style=\"width: 100%;\"><img decoding=\"async\" alt=\"\" title=\"Anita-Relin-Foto\" data-id=\"236\" src=\"https:\/\/thomashurtz-aufstellungen.de\/wp-content\/uploads\/2023\/11\/Anita-Relin-Foto.jpeg\" style=\"aspect-ratio: auto 1536 \/ 1536;\" width=\"149\" height=\"149\" data-width=\"149\" data-height=\"149\" data-init-width=\"1536\" data-init-height=\"1536\" loading=\"lazy\"><\/span><\/p>\n<h1 style=\"\"><span style=\"font-weight: 400; font-family: Palanquin;\"><span style=\"\">\u201c<\/span><\/span><\/h1>\n<p style=\"text-align: left;\"><span style=\"font-family: Arial, Helvetica, sans-serif; font-weight: 400;\">Thomas ist w\u00e4hrend einer Aufstellung absolut Zielorientiert.&nbsp;<\/span><\/p>\n<p style=\"text-align: left;\"><span style=\"font-weight: 400;\"><span style=\"font-family: Arial, Helvetica, sans-serif;\">Seine Sensitivit\u00e4t w\u00e4chst, er \u201esieht und f\u00fchlt\u201c immer mehr.&nbsp;<\/span><\/span><\/p>\n<p style=\"text-align: left;\"><span style=\"font-weight: 400;\"><span style=\"font-family: Arial, Helvetica, sans-serif;\">Schritt f\u00fcr Schritt ergr\u00fcndet er das Ursprungsthema und erkl\u00e4rt es sehr gut.&nbsp;<\/span><\/span><\/p>\n<p style=\"text-align: left;\"><span style=\"font-weight: 400;\"><span style=\"font-family: Arial, Helvetica, sans-serif;\">Mit seiner lockeren Art holt er die Klienten dort ab, wo sie stehen.&nbsp;<\/span><\/span><\/p>\n<p style=\"text-align: left;\"><span style=\"font-weight: 400;\"><span style=\"font-family: Arial, Helvetica, sans-serif;\">Auch wenn man etwas nicht sofort nachvollziehen kann oder allgemeine Fragen hat, erl\u00e4utert Thomas es so lange, bis man es verstanden hat.&nbsp;<\/span><\/span><\/p>\n<p style=\"text-align: left;\"><span style=\"font-family: Arial, Helvetica, sans-serif; font-weight: 400;\">Er arbeitet ohne Zeitdruck \u2013 alles braucht so lange wie es braucht.<\/span><span style=\"font-family: Hind; font-weight: 400;\"><em> <\/em><\/span><\/p>\n<h1 style=\"text-align: center;\"><span style=\"font-family: &quot;Playfair Display&quot;; font-weight: 400;\"><span><em>Anita Relin &#8211; Gesundeitsberaterin f\u00fcr Entspannungsmassage &amp; Entspannungstechniken, Erstellung der Kabbala Lebensanalyse <\/em><\/span><\/span><\/h1>\n<h1 style=\"text-align: center;\"><span style=\"font-family: &quot;Playfair Display&quot;; font-weight: 400;\"><span><em>Tel: 02242\/83658<\/em><\/span><\/span><span style=\"font-family: &quot;Playfair Display&quot;; font-weight: 400;\"><span><em>&nbsp;<\/em><\/span><\/span><\/h1>\n<p><span style=\"width: 100%;\"><img decoding=\"async\" alt=\"\" title=\"Helga Cla\u00dfen\" data-id=\"251\" src=\"https:\/\/thomashurtz-aufstellungen.de\/wp-content\/uploads\/2023\/11\/Helga-Classen.jpeg\" style=\"aspect-ratio: auto 450 \/ 800;\" width=\"149\" height=\"265\" data-width=\"149\" data-height=\"265\" data-init-width=\"450\" data-init-height=\"800\" mt-d=\"-49\" ml-d=\"0\" center-v-d=\"false\" loading=\"lazy\"><\/span><\/p>\n<h1 style=\"\"><span style=\"font-weight: 400; font-family: Palanquin;\"><span style=\"\">\u201c<\/span><\/span><\/h1>\n<p style=\"text-align: left;\"><span style=\"--tcb-applied-color: var$(--tcb-color-0) !important; color: var(--tcb-color-0) !important;\">Deine Aufstellungen haben mich schon mehr als einmal beeindruckt! Als Klientin und Assistentin durfte ich dich schon mehrfach erleben: sehr professionell, sehr vertrauensvoll, sehr empathisch, sehr geduldig, l\u00f6sungsorientiert, sehr genau, sehr pr\u00e4sent (auch in langen Sitzungen!), sehr klar in den Aussagen!Die Sitzungen sind anspruchsvoll und intensiv, kein oberfl\u00e4chliches Blabla!!!Die Sitzungen bei dir haben Mauern in mir eingerissen, welche ich sch\u00f6n lange gepflegt hatte \ud83d\ude02. Jetzt bin ich mit Freude dabei, den Schutt wegzukehren!Danke dir sehr daf\u00fcr!!!!!<\/span><\/p>\n<h1 style=\"text-align: center;\"><em><span style=\"font-family: &quot;Playfair Display&quot;; font-weight: 400;\">Helga Cla\u00dfen&nbsp; &#8211;&nbsp;<\/span><\/em><\/h1>\n<h1 style=\"text-align: center;\"><em><span style=\"font-family: &quot;Playfair Display&quot;; font-weight: 400;\">Heilpraktikerin f\u00fcr Psychotherapie<\/span><\/em><\/h1>\n<p><em><span style=\"font-family: &quot;Playfair Display&quot;; font-weight: 400;\">Tel: 02204 &#8211; 291 7732<\/span><\/em><\/p>\n<p><span style=\"width: 100%;\"><img decoding=\"async\" alt=\"\" title=\"Bildschirmfoto 2023-11-13 um 23.53.51\" data-id=\"253\" src=\"https:\/\/thomashurtz-aufstellungen.de\/wp-content\/uploads\/2023\/11\/Bildschirmfoto-2023-11-13-um-23.53.51.png\" style=\"aspect-ratio: auto 234 \/ 308;\" width=\"149\" height=\"196\" data-width=\"149\" data-height=\"196\" data-init-width=\"234\" data-init-height=\"308\" mt-d=\"-1.0079999999999814\" ml-d=\"0\" loading=\"lazy\"><\/span><\/p>\n<h1 style=\"\"><span style=\"font-weight: 400; font-family: Palanquin; --tcb-applied-color: var$(--tcb-color-0) !important;\"><span style=\"--tcb-applied-color: var$(--tcb-color-0) !important;\">\u201c<\/span><\/span><\/h1>\n<p style=\"text-align: left;\"><span style=\"\">Hallo Thomas,die Treffen zu unseren Aufstellungen sind mir sehr wichtig. Sie sind ein Baustein auf meinem Weg in Heilung und Wachstum.Ich bin sehr dankbar \u00fcber deine Spiritualit\u00e4t und Hellsichtigkeit.Und ich f\u00fchle mich wohl und geborgen in unserer Gruppe.Danke, Monika<\/span><\/p>\n<h1 style=\"text-align: center;\"><em><span style=\"font-family: &quot;Playfair Display&quot;; font-weight: 400;\"><span style=\"\">Monika&nbsp;<\/span><\/span><\/em><\/h1>\n<p><span style=\"width: 100%;\"><img decoding=\"async\" alt=\"\" title=\"Bildschirmfoto 2023-11-13 um 23.58.23\" data-id=\"254\" src=\"https:\/\/thomashurtz-aufstellungen.de\/wp-content\/uploads\/2023\/11\/Bildschirmfoto-2023-11-13-um-23.58.23.png\" style=\"aspect-ratio: auto 428 \/ 522;\" width=\"149\" height=\"182\" data-width=\"149\" data-height=\"182\" data-init-width=\"428\" data-init-height=\"522\" mt-d=\"-3\" ml-d=\"0\" loading=\"lazy\"><\/span><\/p>\n<h1 style=\"\"><span style=\"font-weight: 400; font-family: Palanquin;\"><span style=\"\">\u201c<\/span><\/span><\/h1>\n<p style=\"text-align: left;\"><span style=\"font-family: Arial, Helvetica, sans-serif; font-weight: 400;\">Durch seine Arbeit mit mir hat Thomas mein Leben unglaublich erhellt und verbessert. Die vielen Erkenntnisse haben so viel Licht ins Dunkel gebracht und nun kann ich mit ihm daran arbeiten, meine Lebensqualit\u00e4t deutlich zu steigern.&nbsp;<\/span><\/p>\n<p style=\"text-align: left;\"><span style=\"font-family: Arial, Helvetica, sans-serif; font-weight: 400;\">Zun\u00e4chst hatte ich eine eigene Aufstellung und war bei der Aufstellung meiner Frau und meiner Tochter als Statist beteiligt. Dar\u00fcber hinaus hatte ich zwei Einzelsitzungen, die extrem fruchtbar waren. Allein die Erfahrungen hieraus waren so einschneidend, dass ich mich dann f\u00fcr den 10-Monats-Kurs anmeldete. Die beste Entscheidung, die ich je in Bezug auf therapeutisches Arbeiten getroffen habe.In relativ kurzer Zeit hat so mein Leben eine fantastische Entwicklung erfahren. \u200b<\/span><\/p>\n<p style=\"text-align: left;\"><span style=\"font-family: Hind; font-weight: 400;\"><em> <\/em><\/span><\/p>\n<h1 style=\"text-align: center;\"><span style=\"font-family: &quot;Playfair Display&quot;; font-weight: 400;\"><span style=\"\"><em>Christian Heyne<\/em><\/span><\/span><\/h1>\n<h2 style=\"text-align: center;\">F\u00fcr weitere Fragen stehe ich telefonisch gerne zur Verf\u00fcgung.<\/h2>\n<p style=\"text-align: left;\">Meine Anschrift<\/p>\n<p style=\"\">Thomas Hurtz<\/p>\n<p style=\"text-align: left;\">Diefenauer Weg 17<\/p>\n<p style=\"\">53567 Asbach<\/p>\n<p style=\"text-align: left;\">Telefonnummern<\/p>\n<p style=\"text-align: left;\">Festnetz: 02683\/966722<\/p>\n<p style=\"text-align: left;\">Mobil: 0178\/1304034<\/p>\n<p style=\"\">\n<p style=\"text-align: left;\">E-Mail<\/p>\n<p style=\"\">thomas.hurtz@gmx.net<\/p>\n<p style=\"text-align: center;\">Webseite mit Freude erstellt von der Agentur Giulio Andrioli. <\/p>\n","protected":false},"excerpt":{"rendered":"<p>Erfahrungsberichte \u201c Ich kenne Thomas nun schon \u00fcber ein Jahr und in diesem Jahr habe ich mich selbst ganz neu kennengelernt. Ich war auf insgesamt 4 Aufstellungen von ihm und jedes Mal durfte ich etwas Neues herausfinden, was ich vielleicht innerlich schon wusste, aber mir nie bewusst gemacht hatte. Ich liebe es mit Thomas zu [&hellip;]<\/p>\n","protected":false},"author":1,"featured_media":0,"parent":0,"menu_order":0,"comment_status":"closed","ping_status":"closed","template":"","meta":{"footnotes":""},"class_list":["post-107","page","type-page","status-publish","hentry","post-wrapper","thrv_wrapper"],"yoast_head":"<!-- This site is optimized with the Yoast SEO plugin v27.5 - https:\/\/yoast.com\/product\/yoast-seo-wordpress\/ -->\n<title>Erfahrungsberichte - Thomas Hurtz-Aufstellungen<\/title>\n<meta name=\"robots\" content=\"index, follow, max-snippet:-1, max-image-preview:large, max-video-preview:-1\" \/>\n<link rel=\"canonical\" href=\"https:\/\/thomashurtz-aufstellungen.de\/index.php\/erfahrungsberichte\/\" \/>\n<meta property=\"og:locale\" content=\"de_DE\" \/>\n<meta property=\"og:type\" content=\"article\" \/>\n<meta property=\"og:title\" content=\"Erfahrungsberichte - Thomas Hurtz-Aufstellungen\" \/>\n<meta property=\"og:description\" content=\"Erfahrungsberichte \u201c Ich kenne Thomas nun schon \u00fcber ein Jahr und in diesem Jahr habe ich mich selbst ganz neu kennengelernt. Ich war auf insgesamt 4 Aufstellungen von ihm und jedes Mal durfte ich etwas Neues herausfinden, was ich vielleicht innerlich schon wusste, aber mir nie bewusst gemacht hatte. Ich liebe es mit Thomas zu [&hellip;]\" \/>\n<meta property=\"og:url\" content=\"https:\/\/thomashurtz-aufstellungen.de\/index.php\/erfahrungsberichte\/\" \/>\n<meta property=\"og:site_name\" content=\"Thomas Hurtz-Aufstellungen\" \/>\n<meta property=\"article:modified_time\" content=\"2023-11-13T23:00:48+00:00\" \/>\n<meta property=\"og:image\" content=\"https:\/\/thomashurtz-aufstellungen.de\/wp-content\/uploads\/2023\/11\/Testimonial-Larissa-Kurzer.png\" \/>\n<meta name=\"twitter:card\" content=\"summary_large_image\" \/>\n<meta name=\"twitter:label1\" content=\"Gesch\u00e4tzte Lesezeit\" \/>\n\t<meta name=\"twitter:data1\" content=\"3\u00a0Minuten\" \/>\n<script type=\"application\/ld+json\" class=\"yoast-schema-graph\">{\"@context\":\"https:\\\/\\\/schema.org\",\"@graph\":[{\"@type\":\"WebPage\",\"@id\":\"https:\\\/\\\/thomashurtz-aufstellungen.de\\\/index.php\\\/erfahrungsberichte\\\/\",\"url\":\"https:\\\/\\\/thomashurtz-aufstellungen.de\\\/index.php\\\/erfahrungsberichte\\\/\",\"name\":\"Erfahrungsberichte - Thomas Hurtz-Aufstellungen\",\"isPartOf\":{\"@id\":\"https:\\\/\\\/thomashurtz-aufstellungen.de\\\/#website\"},\"primaryImageOfPage\":{\"@id\":\"https:\\\/\\\/thomashurtz-aufstellungen.de\\\/index.php\\\/erfahrungsberichte\\\/#primaryimage\"},\"image\":{\"@id\":\"https:\\\/\\\/thomashurtz-aufstellungen.de\\\/index.php\\\/erfahrungsberichte\\\/#primaryimage\"},\"thumbnailUrl\":\"https:\\\/\\\/thomashurtz-aufstellungen.de\\\/wp-content\\\/uploads\\\/2023\\\/11\\\/Testimonial-Larissa-Kurzer.png\",\"datePublished\":\"2023-11-08T21:39:40+00:00\",\"dateModified\":\"2023-11-13T23:00:48+00:00\",\"breadcrumb\":{\"@id\":\"https:\\\/\\\/thomashurtz-aufstellungen.de\\\/index.php\\\/erfahrungsberichte\\\/#breadcrumb\"},\"inLanguage\":\"de\",\"potentialAction\":[{\"@type\":\"ReadAction\",\"target\":[\"https:\\\/\\\/thomashurtz-aufstellungen.de\\\/index.php\\\/erfahrungsberichte\\\/\"]}]},{\"@type\":\"ImageObject\",\"inLanguage\":\"de\",\"@id\":\"https:\\\/\\\/thomashurtz-aufstellungen.de\\\/index.php\\\/erfahrungsberichte\\\/#primaryimage\",\"url\":\"https:\\\/\\\/thomashurtz-aufstellungen.de\\\/wp-content\\\/uploads\\\/2023\\\/11\\\/Testimonial-Larissa-Kurzer.png\",\"contentUrl\":\"https:\\\/\\\/thomashurtz-aufstellungen.de\\\/wp-content\\\/uploads\\\/2023\\\/11\\\/Testimonial-Larissa-Kurzer.png\",\"width\":500,\"height\":500},{\"@type\":\"BreadcrumbList\",\"@id\":\"https:\\\/\\\/thomashurtz-aufstellungen.de\\\/index.php\\\/erfahrungsberichte\\\/#breadcrumb\",\"itemListElement\":[{\"@type\":\"ListItem\",\"position\":1,\"name\":\"Startseite\",\"item\":\"https:\\\/\\\/thomashurtz-aufstellungen.de\\\/\"},{\"@type\":\"ListItem\",\"position\":2,\"name\":\"Erfahrungsberichte\"}]},{\"@type\":\"WebSite\",\"@id\":\"https:\\\/\\\/thomashurtz-aufstellungen.de\\\/#website\",\"url\":\"https:\\\/\\\/thomashurtz-aufstellungen.de\\\/\",\"name\":\"Thomas Hurtz-Aufstellungen\",\"description\":\"\",\"potentialAction\":[{\"@type\":\"SearchAction\",\"target\":{\"@type\":\"EntryPoint\",\"urlTemplate\":\"https:\\\/\\\/thomashurtz-aufstellungen.de\\\/?s={search_term_string}\"},\"query-input\":{\"@type\":\"PropertyValueSpecification\",\"valueRequired\":true,\"valueName\":\"search_term_string\"}}],\"inLanguage\":\"de\"}]}<\/script>\n<!-- \/ Yoast SEO plugin. -->","yoast_head_json":{"title":"Erfahrungsberichte - Thomas Hurtz-Aufstellungen","robots":{"index":"index","follow":"follow","max-snippet":"max-snippet:-1","max-image-preview":"max-image-preview:large","max-video-preview":"max-video-preview:-1"},"canonical":"https:\/\/thomashurtz-aufstellungen.de\/index.php\/erfahrungsberichte\/","og_locale":"de_DE","og_type":"article","og_title":"Erfahrungsberichte - Thomas Hurtz-Aufstellungen","og_description":"Erfahrungsberichte \u201c Ich kenne Thomas nun schon \u00fcber ein Jahr und in diesem Jahr habe ich mich selbst ganz neu kennengelernt. Ich war auf insgesamt 4 Aufstellungen von ihm und jedes Mal durfte ich etwas Neues herausfinden, was ich vielleicht innerlich schon wusste, aber mir nie bewusst gemacht hatte. Ich liebe es mit Thomas zu [&hellip;]","og_url":"https:\/\/thomashurtz-aufstellungen.de\/index.php\/erfahrungsberichte\/","og_site_name":"Thomas Hurtz-Aufstellungen","article_modified_time":"2023-11-13T23:00:48+00:00","og_image":[{"url":"https:\/\/thomashurtz-aufstellungen.de\/wp-content\/uploads\/2023\/11\/Testimonial-Larissa-Kurzer.png","type":"","width":"","height":""}],"twitter_card":"summary_large_image","twitter_misc":{"Gesch\u00e4tzte Lesezeit":"3\u00a0Minuten"},"schema":{"@context":"https:\/\/schema.org","@graph":[{"@type":"WebPage","@id":"https:\/\/thomashurtz-aufstellungen.de\/index.php\/erfahrungsberichte\/","url":"https:\/\/thomashurtz-aufstellungen.de\/index.php\/erfahrungsberichte\/","name":"Erfahrungsberichte - Thomas Hurtz-Aufstellungen","isPartOf":{"@id":"https:\/\/thomashurtz-aufstellungen.de\/#website"},"primaryImageOfPage":{"@id":"https:\/\/thomashurtz-aufstellungen.de\/index.php\/erfahrungsberichte\/#primaryimage"},"image":{"@id":"https:\/\/thomashurtz-aufstellungen.de\/index.php\/erfahrungsberichte\/#primaryimage"},"thumbnailUrl":"https:\/\/thomashurtz-aufstellungen.de\/wp-content\/uploads\/2023\/11\/Testimonial-Larissa-Kurzer.png","datePublished":"2023-11-08T21:39:40+00:00","dateModified":"2023-11-13T23:00:48+00:00","breadcrumb":{"@id":"https:\/\/thomashurtz-aufstellungen.de\/index.php\/erfahrungsberichte\/#breadcrumb"},"inLanguage":"de","potentialAction":[{"@type":"ReadAction","target":["https:\/\/thomashurtz-aufstellungen.de\/index.php\/erfahrungsberichte\/"]}]},{"@type":"ImageObject","inLanguage":"de","@id":"https:\/\/thomashurtz-aufstellungen.de\/index.php\/erfahrungsberichte\/#primaryimage","url":"https:\/\/thomashurtz-aufstellungen.de\/wp-content\/uploads\/2023\/11\/Testimonial-Larissa-Kurzer.png","contentUrl":"https:\/\/thomashurtz-aufstellungen.de\/wp-content\/uploads\/2023\/11\/Testimonial-Larissa-Kurzer.png","width":500,"height":500},{"@type":"BreadcrumbList","@id":"https:\/\/thomashurtz-aufstellungen.de\/index.php\/erfahrungsberichte\/#breadcrumb","itemListElement":[{"@type":"ListItem","position":1,"name":"Startseite","item":"https:\/\/thomashurtz-aufstellungen.de\/"},{"@type":"ListItem","position":2,"name":"Erfahrungsberichte"}]},{"@type":"WebSite","@id":"https:\/\/thomashurtz-aufstellungen.de\/#website","url":"https:\/\/thomashurtz-aufstellungen.de\/","name":"Thomas Hurtz-Aufstellungen","description":"","potentialAction":[{"@type":"SearchAction","target":{"@type":"EntryPoint","urlTemplate":"https:\/\/thomashurtz-aufstellungen.de\/?s={search_term_string}"},"query-input":{"@type":"PropertyValueSpecification","valueRequired":true,"valueName":"search_term_string"}}],"inLanguage":"de"}]}},"_links":{"self":[{"href":"https:\/\/thomashurtz-aufstellungen.de\/index.php\/wp-json\/wp\/v2\/pages\/107","targetHints":{"allow":["GET"]}}],"collection":[{"href":"https:\/\/thomashurtz-aufstellungen.de\/index.php\/wp-json\/wp\/v2\/pages"}],"about":[{"href":"https:\/\/thomashurtz-aufstellungen.de\/index.php\/wp-json\/wp\/v2\/types\/page"}],"author":[{"embeddable":true,"href":"https:\/\/thomashurtz-aufstellungen.de\/index.php\/wp-json\/wp\/v2\/users\/1"}],"replies":[{"embeddable":true,"href":"https:\/\/thomashurtz-aufstellungen.de\/index.php\/wp-json\/wp\/v2\/comments?post=107"}],"version-history":[{"count":10,"href":"https:\/\/thomashurtz-aufstellungen.de\/index.php\/wp-json\/wp\/v2\/pages\/107\/revisions"}],"predecessor-version":[{"id":257,"href":"https:\/\/thomashurtz-aufstellungen.de\/index.php\/wp-json\/wp\/v2\/pages\/107\/revisions\/257"}],"wp:attachment":[{"href":"https:\/\/thomashurtz-aufstellungen.de\/index.php\/wp-json\/wp\/v2\/media?parent=107"}],"curies":[{"name":"wp","href":"https:\/\/api.w.org\/{rel}","templated":true}]}}